{"id":1623,"date":"2021-03-31T09:42:53","date_gmt":"2021-03-31T07:42:53","guid":{"rendered":"https:\/\/www.krearredo.it\/?page_id=1623"},"modified":"2021-03-31T09:43:23","modified_gmt":"2021-03-31T07:43:23","slug":"privacy-policy","status":"publish","type":"page","link":"https:\/\/www.krearredo.it\/fr\/privacy-policy\/","title":{"rendered":"Privacy policy"},"content":{"rendered":"<p>[et_pb_section fb_built=&#8221;1&#8243; _builder_version=&#8221;4.9.2&#8243; _module_preset=&#8221;default&#8221;][et_pb_row _builder_version=&#8221;4.9.2&#8243; _module_preset=&#8221;default&#8221;][et_pb_column _builder_version=&#8221;4.9.2&#8243; _module_preset=&#8221;default&#8221; type=&#8221;4_4&#8243;][et_pb_text _builder_version=&#8221;4.9.2&#8243; _module_preset=&#8221;default&#8221; hover_enabled=&#8221;0&#8243; sticky_enabled=&#8221;0&#8243;]<\/p>\n<h1>Privacy policy<\/h1>\n<p>[\/et_pb_text][et_pb_text _builder_version=&#8221;4.9.2&#8243; _module_preset=&#8221;default&#8221; hover_enabled=&#8221;0&#8243; sticky_enabled=&#8221;0&#8243;]<\/p>\n<p>&nbsp;<\/p>\n<p>La politique de confidentialit\u00e9 de ce site Chez KreArredo, nous nous soucions de la transparence et de la s\u00e9curit\u00e9 de vos donn\u00e9es. Pour cette raison, nous avons d\u00e9di\u00e9 une section de notre site Web www.krearredo.it \u00e0 la confidentialit\u00e9: nous d\u00e9crivons ici les m\u00e9thodes de collecte et les traitements que nous effectuerons avec vos donn\u00e9es. Toujours attentifs aux \u00e9volutions r\u00e9glementaires, nous vous fournissons les informations gratuitement, conform\u00e9ment \u00e0 l&#8217;art. 13 du r\u00e8glement UE 679\/2016 (r\u00e8glement g\u00e9n\u00e9ral sur la protection des donn\u00e9es personnelles). Ces informations sont accessibles \u00e0 tous ceux qui consultent les pages de notre site Internet et \/ ou qui utilisent les services \u00e9ventuellement propos\u00e9s sur notre portail. Les informations sont fournies uniquement pour notre site Web et ne doivent pas \u00eatre renvoy\u00e9es \u00e0 des sites Web suppl\u00e9mentaires consult\u00e9s par l&#8217;utilisateur via des liens sur notre site.<\/p>\n<p><strong>INFORMATIONS SUR LE TRAITEMENT DES DONN\u00c9ES PERSONNELLES<\/strong><br \/>Gomiero Alessandro D.I. bas\u00e9 \u00e0 Loc. Croix Noire n. 87, 11020 Saint Christophe (AO) -P.IVA 01239900077: en tant que Responsable du traitement (ci-apr\u00e8s \u00abPropri\u00e9taire\u00bb), il vous informe conform\u00e9ment \u00e0 l&#8217;art. 13 EU Reg. 679\/2016 (ci-apr\u00e8s &#8220;RGPD&#8221;) que vos donn\u00e9es personnelles (c&#8217;est-\u00e0-dire: nom, pr\u00e9nom, num\u00e9ros de t\u00e9l\u00e9phone et e-mail) fournies en envoyant des demandes d&#8217;informations par e-mail et \/ ou par t\u00e9l\u00e9phone, ou remis au Responsable du traitement via la compilation volontaire du formulaire dans la section &#8220;consultation int\u00e9rieure&#8221; du site, afin de satisfaire vos demandes, elles seront trait\u00e9es comme suit: Les donn\u00e9es personnelles que vous fournissez au Responsable du traitement sont soumises \u00e0 un traitement \u00e9lectronique et papier.<\/p>\n<p>Par \u00abtraitement\u00bb, on entend la collecte, l&#8217;enregistrement, l&#8217;organisation, le stockage, la consultation, le traitement, la modification, la s\u00e9lection, l&#8217;extraction, la comparaison, l&#8217;utilisation, l&#8217;interconnexion, le blocage, la communication, l&#8217;annulation et la destruction des donn\u00e9es (art. 4 co. 2 RGPD). Finalit\u00e9 du traitement M\u00e9thode de collecte des donn\u00e9es Dur\u00e9e du traitement Personnes d\u00e9sign\u00e9es par le responsable du traitement R\u00e9ponse aux demandes et estimations; Envoi volontaire, libre et explicite par l&#8217;int\u00e9ress\u00e9 d&#8217;un message par courrier et courrier; en remplissant le formulaire dans la section &#8220;\u00e9tude de consultance int\u00e9rieure&#8221; du site; en contactant directement le contr\u00f4leur de donn\u00e9es; Jusqu&#8217;\u00e0 l&#8217;accomplissement de la demande; Tous les gestionnaires, sous-traitants officiellement d\u00e9sign\u00e9s par le contr\u00f4leur de donn\u00e9es; Formalisation, ex\u00e9cution et r\u00e9siliation du contrat; Fourni par le contrat; respect des obligations l\u00e9gales;<\/p>\n<p>La liste des personnes autoris\u00e9es \u00e0 traiter vos donn\u00e9es personnelles est conserv\u00e9e et accessible, sur demande \u00e9crite \u00e0 adresser au Responsable du traitement par courrier \u00e9lectronique \u00e0 <a href=\"mailto:krearredo@gmail.com\">krearredo@gmail.com<\/a> ou au moyen d&#8217;une lettre recommand\u00e9e avec accus\u00e9 de r\u00e9ception (rrr) adress\u00e9e \u00e0 le si\u00e8ge de la structure, ou Gomiero Alessandro, Loc. Croix Noire n. 87, 11020 Saint Christophe (AO).<\/p>\n<p><strong>Donn\u00e9es fournies volontairement par l&#8217;int\u00e9ress\u00e9<\/strong><br \/>Si l&#8217;utilisateur fournit des donn\u00e9es suppl\u00e9mentaires en plus de celles explicitement demand\u00e9es par e-mail et \/ ou missives, elles seront acquises et trait\u00e9es dans le plein respect de la loi et, si elles d\u00e9passent les finalit\u00e9s du traitement. , sera supprim\u00e9. Pour des services particuliers sur demande, des informations r\u00e9capitulatives sp\u00e9cifiques seront fournies.<\/p>\n<p><strong>Donn\u00e9es de navigation<\/strong><br \/>Les syst\u00e8mes informatiques et les proc\u00e9dures logicielles utilis\u00e9s pour faire fonctionner le site Web www.krearredo.it dans le cadre de leur fonction normale, acqui\u00e8rent certaines donn\u00e9es personnelles dont la transmission est implicite dans l&#8217;utilisation des protocoles d&#8217;information Web 2-web pour la communication Internet . Ce sont des informations qui ne sont pas collect\u00e9es pour les associer et les identifier, mais, de par leur nature, elles pourraient permettre l&#8217;identification de l&#8217;utilisateur \u00e0 travers des traitements, des associations et des croisements avec les donn\u00e9es d\u00e9tenues par le Propri\u00e9taire et des tiers. Cette cat\u00e9gorie comprend: les adresses IP, les noms de domaine des ordinateurs auxquels les utilisateurs acc\u00e8dent, les adresses en notation URI (Uniform Resource Identifier) \u200b\u200bdes ressources demand\u00e9es et leurs heures, la m\u00e9thode utilis\u00e9e pour soumettre la demande au serveur, la taille du fichier obtenu en r\u00e9ponse, le code num\u00e9rique indiquant l&#8217;\u00e9tat de la r\u00e9ponse du serveur de donn\u00e9es (succ\u00e8s, erreur, etc.) et les param\u00e8tres suppl\u00e9mentaires du syst\u00e8me d&#8217;exploitation et de l&#8217;environnement informatique de l&#8217;utilisateur. Les donn\u00e9es ainsi collect\u00e9es sont anonymes et sont utilis\u00e9es dans le seul but d&#8217;obtenir des statistiques anonymes sur l&#8217;utilisation du site et de v\u00e9rifier son bon fonctionnement. Ce type de donn\u00e9es est supprim\u00e9 imm\u00e9diatement apr\u00e8s le traitement. Ces donn\u00e9es pourraient \u00eatre utilis\u00e9es pour contr\u00f4ler et d\u00e9terminer la responsabilit\u00e9 en cas de d\u00e9lits informatiques contre le site.<\/p>\n<p><strong>Communication \u00e0 des tiers et cat\u00e9gories de destinataires (article 13, 1er alin\u00e9a du RGPD)<\/strong><br \/>Vos donn\u00e9es peuvent \u00eatre transmises \u00e0 des tiers dans le seul but pr\u00e9vu par le contrat. Le traitement ult\u00e9rieur effectu\u00e9 par des tiers sera soumis \u00e0 votre consentement libre, facultatif, explicite et volontaire. Votre refus de fournir vos donn\u00e9es.<\/p>\n<p>[\/et_pb_text][\/et_pb_column][\/et_pb_row][\/et_pb_section]<\/p>\n","protected":false},"excerpt":{"rendered":"<p>Privacy policy&nbsp; La politique de confidentialit\u00e9 de ce site Chez KreArredo, nous nous soucions de la transparence et de la s\u00e9curit\u00e9 de vos donn\u00e9es. Pour cette raison, nous avons d\u00e9di\u00e9 une section de notre site Web www.krearredo.it \u00e0 la confidentialit\u00e9: nous d\u00e9crivons ici les m\u00e9thodes de collecte et les traitements que nous effectuerons avec vos [&hellip;]<\/p>\n","protected":false},"author":1,"featured_media":0,"parent":0,"menu_order":0,"comment_status":"closed","ping_status":"closed","template":"","meta":{"_et_pb_use_builder":"on","_et_pb_old_content":"","_et_gb_content_width":"","footnotes":""},"class_list":["post-1623","page","type-page","status-publish","hentry"],"yoast_head":"<!-- This site is optimized with the Yoast SEO plugin v26.0 - https:\/\/yoast.com\/wordpress\/plugins\/seo\/ -->\n<title>Privacy policy - Krearredo<\/title>\n<meta name=\"robots\" content=\"index, follow, max-snippet:-1, max-image-preview:large, max-video-preview:-1\" \/>\n<link rel=\"canonical\" href=\"https:\/\/www.krearredo.it\/fr\/privacy-policy\/\" \/>\n<meta property=\"og:locale\" content=\"fr_FR\" \/>\n<meta property=\"og:type\" content=\"article\" \/>\n<meta property=\"og:title\" content=\"Privacy policy - Krearredo\" \/>\n<meta property=\"og:description\" content=\"Privacy policy&nbsp; La politique de confidentialit\u00e9 de ce site Chez KreArredo, nous nous soucions de la transparence et de la s\u00e9curit\u00e9 de vos donn\u00e9es. Pour cette raison, nous avons d\u00e9di\u00e9 une section de notre site Web www.krearredo.it \u00e0 la confidentialit\u00e9: nous d\u00e9crivons ici les m\u00e9thodes de collecte et les traitements que nous effectuerons avec vos [&hellip;]\" \/>\n<meta property=\"og:url\" content=\"https:\/\/www.krearredo.it\/fr\/privacy-policy\/\" \/>\n<meta property=\"og:site_name\" content=\"Krearredo\" \/>\n<meta property=\"article:modified_time\" content=\"2021-03-31T07:43:23+00:00\" \/>\n<meta name=\"twitter:card\" content=\"summary_large_image\" \/>\n<meta name=\"twitter:label1\" content=\"Dur\u00e9e de lecture estim\u00e9e\" \/>\n\t<meta name=\"twitter:data1\" content=\"5 minutes\" \/>\n<script type=\"application\/ld+json\" class=\"yoast-schema-graph\">{\"@context\":\"https:\/\/schema.org\",\"@graph\":[{\"@type\":\"WebPage\",\"@id\":\"https:\/\/www.krearredo.it\/fr\/privacy-policy\/\",\"url\":\"https:\/\/www.krearredo.it\/fr\/privacy-policy\/\",\"name\":\"Privacy policy - Krearredo\",\"isPartOf\":{\"@id\":\"https:\/\/www.krearredo.it\/fr\/#website\"},\"datePublished\":\"2021-03-31T07:42:53+00:00\",\"dateModified\":\"2021-03-31T07:43:23+00:00\",\"breadcrumb\":{\"@id\":\"https:\/\/www.krearredo.it\/fr\/privacy-policy\/#breadcrumb\"},\"inLanguage\":\"fr-FR\",\"potentialAction\":[{\"@type\":\"ReadAction\",\"target\":[\"https:\/\/www.krearredo.it\/fr\/privacy-policy\/\"]}]},{\"@type\":\"BreadcrumbList\",\"@id\":\"https:\/\/www.krearredo.it\/fr\/privacy-policy\/#breadcrumb\",\"itemListElement\":[{\"@type\":\"ListItem\",\"position\":1,\"name\":\"Home\",\"item\":\"https:\/\/www.krearredo.it\/fr\/\"},{\"@type\":\"ListItem\",\"position\":2,\"name\":\"Privacy policy\"}]},{\"@type\":\"WebSite\",\"@id\":\"https:\/\/www.krearredo.it\/fr\/#website\",\"url\":\"https:\/\/www.krearredo.it\/fr\/\",\"name\":\"Krearredo\",\"description\":\"Design in Valle d&#039;Aosta\",\"potentialAction\":[{\"@type\":\"SearchAction\",\"target\":{\"@type\":\"EntryPoint\",\"urlTemplate\":\"https:\/\/www.krearredo.it\/fr\/?s={search_term_string}\"},\"query-input\":{\"@type\":\"PropertyValueSpecification\",\"valueRequired\":true,\"valueName\":\"search_term_string\"}}],\"inLanguage\":\"fr-FR\"}]}<\/script>\n<!-- \/ Yoast SEO plugin. -->","yoast_head_json":{"title":"Privacy policy - Krearredo","robots":{"index":"index","follow":"follow","max-snippet":"max-snippet:-1","max-image-preview":"max-image-preview:large","max-video-preview":"max-video-preview:-1"},"canonical":"https:\/\/www.krearredo.it\/fr\/privacy-policy\/","og_locale":"fr_FR","og_type":"article","og_title":"Privacy policy - Krearredo","og_description":"Privacy policy&nbsp; La politique de confidentialit\u00e9 de ce site Chez KreArredo, nous nous soucions de la transparence et de la s\u00e9curit\u00e9 de vos donn\u00e9es. Pour cette raison, nous avons d\u00e9di\u00e9 une section de notre site Web www.krearredo.it \u00e0 la confidentialit\u00e9: nous d\u00e9crivons ici les m\u00e9thodes de collecte et les traitements que nous effectuerons avec vos [&hellip;]","og_url":"https:\/\/www.krearredo.it\/fr\/privacy-policy\/","og_site_name":"Krearredo","article_modified_time":"2021-03-31T07:43:23+00:00","twitter_card":"summary_large_image","twitter_misc":{"Dur\u00e9e de lecture estim\u00e9e":"5 minutes"},"schema":{"@context":"https:\/\/schema.org","@graph":[{"@type":"WebPage","@id":"https:\/\/www.krearredo.it\/fr\/privacy-policy\/","url":"https:\/\/www.krearredo.it\/fr\/privacy-policy\/","name":"Privacy policy - Krearredo","isPartOf":{"@id":"https:\/\/www.krearredo.it\/fr\/#website"},"datePublished":"2021-03-31T07:42:53+00:00","dateModified":"2021-03-31T07:43:23+00:00","breadcrumb":{"@id":"https:\/\/www.krearredo.it\/fr\/privacy-policy\/#breadcrumb"},"inLanguage":"fr-FR","potentialAction":[{"@type":"ReadAction","target":["https:\/\/www.krearredo.it\/fr\/privacy-policy\/"]}]},{"@type":"BreadcrumbList","@id":"https:\/\/www.krearredo.it\/fr\/privacy-policy\/#breadcrumb","itemListElement":[{"@type":"ListItem","position":1,"name":"Home","item":"https:\/\/www.krearredo.it\/fr\/"},{"@type":"ListItem","position":2,"name":"Privacy policy"}]},{"@type":"WebSite","@id":"https:\/\/www.krearredo.it\/fr\/#website","url":"https:\/\/www.krearredo.it\/fr\/","name":"Krearredo","description":"Design in Valle d&#039;Aosta","potentialAction":[{"@type":"SearchAction","target":{"@type":"EntryPoint","urlTemplate":"https:\/\/www.krearredo.it\/fr\/?s={search_term_string}"},"query-input":{"@type":"PropertyValueSpecification","valueRequired":true,"valueName":"search_term_string"}}],"inLanguage":"fr-FR"}]}},"_links":{"self":[{"href":"https:\/\/www.krearredo.it\/fr\/wp-json\/wp\/v2\/pages\/1623","targetHints":{"allow":["GET"]}}],"collection":[{"href":"https:\/\/www.krearredo.it\/fr\/wp-json\/wp\/v2\/pages"}],"about":[{"href":"https:\/\/www.krearredo.it\/fr\/wp-json\/wp\/v2\/types\/page"}],"author":[{"embeddable":true,"href":"https:\/\/www.krearredo.it\/fr\/wp-json\/wp\/v2\/users\/1"}],"replies":[{"embeddable":true,"href":"https:\/\/www.krearredo.it\/fr\/wp-json\/wp\/v2\/comments?post=1623"}],"version-history":[{"count":4,"href":"https:\/\/www.krearredo.it\/fr\/wp-json\/wp\/v2\/pages\/1623\/revisions"}],"predecessor-version":[{"id":1628,"href":"https:\/\/www.krearredo.it\/fr\/wp-json\/wp\/v2\/pages\/1623\/revisions\/1628"}],"wp:attachment":[{"href":"https:\/\/www.krearredo.it\/fr\/wp-json\/wp\/v2\/media?parent=1623"}],"curies":[{"name":"wp","href":"https:\/\/api.w.org\/{rel}","templated":true}]}}