{"id":1637,"date":"2021-03-31T09:53:04","date_gmt":"2021-03-31T07:53:04","guid":{"rendered":"https:\/\/www.krearredo.it\/showroom\/"},"modified":"2021-03-31T09:53:05","modified_gmt":"2021-03-31T07:53:05","slug":"showroom","status":"publish","type":"page","link":"https:\/\/www.krearredo.it\/fr\/showroom\/","title":{"rendered":"Showroom"},"content":{"rendered":"<p>[et_pb_section fb_built=&#8221;1&#8243; custom_padding_last_edited=&#8221;on|phone&#8221; _builder_version=&#8221;4.4.3&#8243; use_background_color_gradient=&#8221;on&#8221; background_color_gradient_start=&#8221;rgba(34,34,34,0.85)&#8221; background_color_gradient_end=&#8221;rgba(0,0,0,0.15)&#8221; background_color_gradient_overlays_image=&#8221;on&#8221; background_image=&#8221;https:\/\/www.krearredo.it\/wp-content\/uploads\/2020\/09\/krearredo-showroom-nuovo-3.jpg&#8221; custom_padding=&#8221;150px||350px||false|false&#8221; custom_padding_tablet=&#8221;&#8221; custom_padding_phone=&#8221;100px||200px||false|false&#8221; hover_enabled=&#8221;0&#8243; background__hover_enabled=&#8221;on|hover&#8221; background_color_gradient_end__hover=&#8221;rgba(0,0,0,0.15)&#8221; use_background_color_gradient__hover=&#8221;on&#8221; background_color_gradient_start__hover=&#8221;rgba(34,34,34,0.85)&#8221;][et_pb_row _builder_version=&#8221;4.4.1&#8243; custom_margin=&#8221;0px||0px||false|false&#8221; custom_padding=&#8221;0px||0px||true|&#8221;][et_pb_column type=&#8221;4_4&#8243; _builder_version=&#8221;4.4.1&#8243;][et_pb_divider divider_weight=&#8221;50px&#8221; _builder_version=&#8221;4.4.3&#8243; width=&#8221;2px&#8221; max_width=&#8221;2px&#8221; module_alignment=&#8221;center&#8221; custom_margin=&#8221;||35px||false|false&#8221; animation_style=&#8221;slide&#8221; animation_direction=&#8221;top&#8221; locked=&#8221;on&#8221;][\/et_pb_divider][et_pb_text admin_label=&#8221;Showroom&#8221; _builder_version=&#8221;4.4.3&#8243; header_font=&#8221;Montserrat||||||||&#8221; header_text_color=&#8221;#ffffff&#8221; header_line_height=&#8221;60px&#8221; custom_margin=&#8221;0px||0px||false|false&#8221;]<\/p>\n<h1 style=\"text-align: center;\">Showroom<\/h1>\n<p>[\/et_pb_text][et_pb_text _builder_version=&#8221;4.4.3&#8243; text_font=&#8221;||||||||&#8221; text_text_color=&#8221;#ffffff&#8221; text_font_size=&#8221;20px&#8221; header_font=&#8221;||||||||&#8221; header_text_color=&#8221;#ffffff&#8221; custom_margin=&#8221;||5px||false|false&#8221; animation_style=&#8221;slide&#8221; animation_direction=&#8221;left&#8221;]<\/p>\n<p style=\"text-align: center;\">Non credo nel trasferirsi in un nuovo posto e replicare quello che hai lasciato. Dov\u2019\u00e8 il divertimento?\n<\/p>\n<p>[\/et_pb_text][et_pb_text _builder_version=&#8221;4.4.3&#8243; text_font=&#8221;||||||||&#8221; text_text_color=&#8221;#ffffff&#8221; text_font_size=&#8221;16px&#8221; header_font=&#8221;||||||||&#8221; header_text_color=&#8221;#ffffff&#8221; custom_margin=&#8221;||20px||false|false&#8221; animation_style=&#8221;slide&#8221; animation_direction=&#8221;left&#8221; locked=&#8221;off&#8221;]<\/p>\n<p style=\"text-align: center;\"><em>Andrew Fisher<\/em><\/p>\n<p>[\/et_pb_text][et_pb_divider divider_weight=&#8221;50px&#8221; admin_label=&#8221;Modulo Separatore&#8221; _builder_version=&#8221;4.4.1&#8243; width=&#8221;2px&#8221; max_width=&#8221;2px&#8221; module_alignment=&#8221;center&#8221; animation_style=&#8221;slide&#8221; animation_direction=&#8221;bottom&#8221; locked=&#8221;on&#8221;][\/et_pb_divider][\/et_pb_column][\/et_pb_row][\/et_pb_section][et_pb_section fb_built=&#8221;1&#8243; custom_padding_last_edited=&#8221;on|phone&#8221; _builder_version=&#8221;4.4.3&#8243; background_color=&#8221;#222222&#8243; background_enable_image=&#8221;off&#8221; custom_padding=&#8221;160px||160px||true|&#8221; custom_padding_tablet=&#8221;100px||100px||true|false&#8221; custom_padding_phone=&#8221;&#8221;][et_pb_row use_custom_gutter=&#8221;on&#8221; gutter_width=&#8221;2&#8243; make_equal=&#8221;on&#8221; _builder_version=&#8221;4.4.3&#8243; width=&#8221;90%&#8221; custom_padding=&#8221;0px||0px||true|&#8221;][et_pb_column type=&#8221;4_4&#8243; _builder_version=&#8221;4.4.1&#8243;][et_pb_text admin_label=&#8221;Showroom&#8221; _builder_version=&#8221;4.4.3&#8243; text_text_color=&#8221;#eeeeee&#8221; header_2_text_color=&#8221;#eeeeee&#8221; min_height=&#8221;26px&#8221; custom_margin=&#8221;||||false|false&#8221; animation_style=&#8221;slide&#8221; animation_direction=&#8221;top&#8221;]<\/p>\n<h2 style=\"text-align: center;\">showroom.<\/h2>\n<p>[\/et_pb_text][et_pb_text _builder_version=&#8221;4.4.3&#8243; text_text_color=&#8221;#eeeeee&#8221; header_2_text_color=&#8221;#666666&#8243; header_3_text_color=&#8221;#ffffff&#8221; max_width=&#8221;500px&#8221; module_alignment=&#8221;center&#8221; custom_margin=&#8221;||15px||false|false&#8221;]<\/p>\n<h3 style=\"text-align: center;\">Lo spazio che unisce<br \/>i sogni dalla realt\u00e0<\/h3>\n<p>[\/et_pb_text][et_pb_divider show_divider=&#8221;off&#8221; _builder_version=&#8221;4.4.1&#8243; locked=&#8221;on&#8221;][\/et_pb_divider][\/et_pb_column][\/et_pb_row][et_pb_row column_structure=&#8221;1_2,1_2&#8243; use_custom_gutter=&#8221;on&#8221; gutter_width=&#8221;2&#8243; make_equal=&#8221;on&#8221; _builder_version=&#8221;4.4.3&#8243; width=&#8221;90%&#8221; custom_padding=&#8221;0px||0px||true|&#8221;][et_pb_column type=&#8221;1_2&#8243; _builder_version=&#8221;4.4.1&#8243;][et_pb_text _builder_version=&#8221;4.4.3&#8243; text_text_color=&#8221;#eeeeee&#8221; max_width=&#8221;250px&#8221; module_alignment=&#8221;right&#8221; custom_padding=&#8221;0px|||||&#8221;]<\/p>\n<p style=\"text-align: right;\">Lo showroom \u00e8 il punto di congiunzione tra un desiderio e la sua realizzazione. il consulente \u00e8 colui che rende realizzabile questo sogno.<\/p>\n<p style=\"text-align: right;\">Il nostro nuovo punto vendita (ex Pensare, situato in loc. Grand Cemin sopra il supermercato Conad) adesso \u00e8 localizzato nella nuova sede in loc. Croix Noire 87 a Saint Christophe, di fronte al crocevia veicolare tra la via dell&#8217;Arena, la strada per il comune di Pollein e il supermercato Carrefour, vicino all&#8217;area Sogno, di fronte alla pista di atterraggio dell&#8217;Aeroporto Corrado Gex. <\/p>\n<p>[\/et_pb_text][\/et_pb_column][et_pb_column type=&#8221;1_2&#8243; _builder_version=&#8221;4.4.1&#8243;][et_pb_text _builder_version=&#8221;4.4.3&#8243; text_text_color=&#8221;#eeeeee&#8221; max_width=&#8221;250px&#8221; module_alignment=&#8221;left&#8221; custom_padding=&#8221;0px|||||&#8221;]<\/p>\n<p style=\"text-align: left;\">Il nuovo showroom di KreArredo si inserisce che le sue ampie vetrine, all&#8217;estremit\u00e0 est di un&#8217;area commerciale prestigiosa e moderna, in cui sono situati altri punti vendita che dedicano la loro attenzione alla casa. KreArredo ha scelto di proporre le sue soluzioni di arredo in questo contesto, per mezzo di uno spazio espositivo confortevole, dinamico, ma soprattutto che rappresentasse il luogo adatto per scegliere le soluzioni ideali per il vostro ambiente domestico.<br \/> lo showroom ha una superficie di esposizione complessiva di 150 mq e 25 mq per l&#8217;area amministrativa.<\/p>\n<p style=\"text-align: left;\"><a href=\"https:\/\/www.google.com\/maps\/dir\/\/Localit%C3%A0+Croix-Noire,+87,+11020+Chef-Lieu,+Aosta+AO\/@45.7379788,7.3498896,17z\/data=!4m8!4m7!1m0!1m5!1m1!1s0x4788df4eb9f8f543:0x808d8545ba0499ac!2m2!1d7.3520783!2d45.7379751\" target=\"_blank\" rel=\"noopener noreferrer\">LOCALIZZAZIONE<\/a><br \/><a href=\"https:\/\/www.google.com\/maps\/dir\/\/Localit%C3%A0+Croix-Noire,+87,+11020+Chef-Lieu,+Aosta+AO\/@45.7379788,7.3498896,17z\/data=!4m8!4m7!1m0!1m5!1m1!1s0x4788df4eb9f8f543:0x808d8545ba0499ac!2m2!1d7.3520783!2d45.7379751\" target=\"_blank\" rel=\"noopener noreferrer\"> GEOGRAFICA<\/a><a href=\"https:\/\/www.google.com\/maps\/dir\/45.7374278,7.301374\/45.7410264,7.3576844\/@45.7411084,7.3513755,1238m\/data=!3m1!1e3!4m5!4m4!1m1!4e1!1m0!3e0%20\"><\/a><\/p>\n<p style=\"text-align: left;\">[\/et_pb_text][\/et_pb_column][\/et_pb_row][\/et_pb_section][et_pb_section fb_built=&#8221;1&#8243; custom_padding_last_edited=&#8221;on|tablet&#8221; module_id=&#8221;gallery&#8221; _builder_version=&#8221;4.4.3&#8243; custom_padding=&#8221;120px||120px||true|&#8221; custom_padding_tablet=&#8221;100px||100px||true|false&#8221; custom_padding_phone=&#8221;&#8221;][et_pb_row _builder_version=&#8221;4.4.3&#8243; custom_padding=&#8221;0px||50px|||&#8221;][et_pb_column type=&#8221;4_4&#8243; _builder_version=&#8221;4.4.3&#8243;][et_pb_divider divider_weight=&#8221;50px&#8221; _builder_version=&#8221;4.4.1&#8243; width=&#8221;2px&#8221; max_width=&#8221;2px&#8221; module_alignment=&#8221;center&#8221; animation_style=&#8221;slide&#8221; animation_direction=&#8221;top&#8221; locked=&#8221;on&#8221;][\/et_pb_divider][et_pb_text admin_label=&#8221;gallery.&#8221; _builder_version=&#8221;4.4.3&#8243; text_text_color=&#8221;#eeeeee&#8221; min_height=&#8221;26px&#8221; custom_margin=&#8221;10px||10px||false|false&#8221; animation_style=&#8221;slide&#8221; animation_direction=&#8221;top&#8221;]<\/p>\n<h2 style=\"text-align: center;\">gallery.<\/h2>\n<p>[\/et_pb_text][\/et_pb_column][\/et_pb_row][et_pb_row column_structure=&#8221;1_3,1_3,1_3&#8243; use_custom_gutter=&#8221;on&#8221; gutter_width=&#8221;2&#8243; make_equal=&#8221;on&#8221; _builder_version=&#8221;4.4.3&#8243; width=&#8221;90%&#8221; max_width=&#8221;2560px&#8221; custom_padding=&#8221;0px||0px||true|&#8221;][et_pb_column type=&#8221;1_3&#8243; _builder_version=&#8221;4.4.3&#8243;][et_pb_image src=&#8221;https:\/\/www.krearredo.it\/wp-content\/uploads\/2020\/09\/krearredo-showroom-nuovo-1.jpg&#8221; alt=&#8221;Showroom &#8211; KreArredo&#8221; title_text=&#8221;Showroom &#8211; KreArredo&#8221; show_in_lightbox=&#8221;on&#8221; align=&#8221;center&#8221; _builder_version=&#8221;4.4.3&#8243; hover_enabled=&#8221;0&#8243;][\/et_pb_image][\/et_pb_column][et_pb_column type=&#8221;1_3&#8243; _builder_version=&#8221;4.4.3&#8243;][et_pb_image src=&#8221;https:\/\/www.krearredo.it\/wp-content\/uploads\/2020\/09\/krearredo-showroom-nuovo-2.jpg&#8221; alt=&#8221;Showroom &#8211; KreArredo&#8221; title_text=&#8221;Showroom &#8211; KreArredo&#8221; show_in_lightbox=&#8221;on&#8221; align=&#8221;center&#8221; _builder_version=&#8221;4.4.3&#8243; hover_enabled=&#8221;0&#8243;][\/et_pb_image][\/et_pb_column][et_pb_column type=&#8221;1_3&#8243; _builder_version=&#8221;4.4.3&#8243;][et_pb_image src=&#8221;https:\/\/www.krearredo.it\/wp-content\/uploads\/2020\/09\/krearredo-showroom-nuovo-4.jpg&#8221; alt=&#8221;Showroom &#8211; KreArredo&#8221; title_text=&#8221;Showroom &#8211; KreArredo&#8221; show_in_lightbox=&#8221;on&#8221; align=&#8221;center&#8221; _builder_version=&#8221;4.4.3&#8243; hover_enabled=&#8221;0&#8243;][\/et_pb_image][\/et_pb_column][\/et_pb_row][et_pb_row column_structure=&#8221;1_2,1_2&#8243; use_custom_gutter=&#8221;on&#8221; gutter_width=&#8221;2&#8243; make_equal=&#8221;on&#8221; _builder_version=&#8221;4.4.3&#8243; width=&#8221;90%&#8221; max_width=&#8221;2560px&#8221; custom_margin=&#8221;40px||||false|false&#8221; custom_padding=&#8221;0px||0px||true|&#8221;][et_pb_column type=&#8221;1_2&#8243; _builder_version=&#8221;4.4.3&#8243;][et_pb_image src=&#8221;https:\/\/www.krearredo.it\/wp-content\/uploads\/2020\/09\/krearredo-showroom-nuovo-6.jpg&#8221; alt=&#8221;Showroom &#8211; KreArredo&#8221; title_text=&#8221;Showroom &#8211; KreArredo&#8221; show_in_lightbox=&#8221;on&#8221; align=&#8221;center&#8221; _builder_version=&#8221;4.4.3&#8243; hover_enabled=&#8221;0&#8243;][\/et_pb_image][\/et_pb_column][et_pb_column type=&#8221;1_2&#8243; _builder_version=&#8221;4.4.3&#8243;][et_pb_image src=&#8221;https:\/\/www.krearredo.it\/wp-content\/uploads\/2020\/09\/krearredo-showroom-nuovo-5.jpg&#8221; alt=&#8221;Showroom &#8211; KreArredo&#8221; title_text=&#8221;Showroom &#8211; KreArredo&#8221; show_in_lightbox=&#8221;on&#8221; align=&#8221;center&#8221; _builder_version=&#8221;4.4.3&#8243; hover_enabled=&#8221;0&#8243;][\/et_pb_image][\/et_pb_column][\/et_pb_row][\/et_pb_section][et_pb_section fb_built=&#8221;1&#8243; custom_padding_last_edited=&#8221;on|tablet&#8221; disabled_on=&#8221;on|on|on&#8221; module_id=&#8221;gallery&#8221; _builder_version=&#8221;4.4.3&#8243; custom_padding=&#8221;120px||120px||true|&#8221; custom_padding_tablet=&#8221;100px||100px||true|false&#8221; custom_padding_phone=&#8221;&#8221; disabled=&#8221;on&#8221;][et_pb_row _builder_version=&#8221;4.4.3&#8243; custom_padding=&#8221;0px||50px|||&#8221;][et_pb_column type=&#8221;4_4&#8243; _builder_version=&#8221;4.4.3&#8243;][et_pb_divider divider_weight=&#8221;50px&#8221; _builder_version=&#8221;4.4.1&#8243; width=&#8221;2px&#8221; max_width=&#8221;2px&#8221; module_alignment=&#8221;center&#8221; animation_style=&#8221;slide&#8221; animation_direction=&#8221;top&#8221; locked=&#8221;on&#8221;][\/et_pb_divider][et_pb_text admin_label=&#8221;gallery.&#8221; _builder_version=&#8221;4.4.3&#8243; text_text_color=&#8221;#eeeeee&#8221; min_height=&#8221;26px&#8221; custom_margin=&#8221;10px||10px||false|false&#8221; animation_style=&#8221;slide&#8221; animation_direction=&#8221;top&#8221;]<\/p>\n<h2 style=\"text-align: center;\">gallery.<\/h2>\n<p>[\/et_pb_text][\/et_pb_column][\/et_pb_row][et_pb_row column_structure=&#8221;1_3,1_3,1_3&#8243; use_custom_gutter=&#8221;on&#8221; gutter_width=&#8221;2&#8243; make_equal=&#8221;on&#8221; _builder_version=&#8221;4.4.3&#8243; width=&#8221;90%&#8221; max_width=&#8221;2560px&#8221; custom_padding=&#8221;0px||0px||true|&#8221;][et_pb_column type=&#8221;1_3&#8243; _builder_version=&#8221;4.4.3&#8243;][et_pb_image src=&#8221;https:\/\/www.krearredo.it\/wp-content\/uploads\/2020\/04\/showroom-krearredo-2.jpg&#8221; alt=&#8221;Showroom &#8211; KreArredo&#8221; title_text=&#8221;Showroom &#8211; KreArredo&#8221; show_in_lightbox=&#8221;on&#8221; align=&#8221;center&#8221; _builder_version=&#8221;4.4.3&#8243;][\/et_pb_image][\/et_pb_column][et_pb_column type=&#8221;1_3&#8243; _builder_version=&#8221;4.4.3&#8243;][et_pb_image src=&#8221;https:\/\/www.krearredo.it\/wp-content\/uploads\/2020\/04\/showroom-krearredo-3.jpg&#8221; alt=&#8221;Showroom &#8211; KreArredo&#8221; title_text=&#8221;Showroom &#8211; KreArredo&#8221; show_in_lightbox=&#8221;on&#8221; align=&#8221;center&#8221; _builder_version=&#8221;4.4.3&#8243;][\/et_pb_image][\/et_pb_column][et_pb_column type=&#8221;1_3&#8243; _builder_version=&#8221;4.4.3&#8243;][et_pb_image src=&#8221;https:\/\/www.krearredo.it\/wp-content\/uploads\/2020\/04\/showroom-krearredo-5.jpg&#8221; alt=&#8221;Showroom &#8211; KreArredo&#8221; title_text=&#8221;Showroom &#8211; KreArredo&#8221; show_in_lightbox=&#8221;on&#8221; align=&#8221;center&#8221; _builder_version=&#8221;4.4.3&#8243;][\/et_pb_image][\/et_pb_column][\/et_pb_row][et_pb_row column_structure=&#8221;1_2,1_2&#8243; use_custom_gutter=&#8221;on&#8221; gutter_width=&#8221;2&#8243; make_equal=&#8221;on&#8221; _builder_version=&#8221;4.4.3&#8243; width=&#8221;90%&#8221; max_width=&#8221;2560px&#8221; custom_margin=&#8221;40px||||false|false&#8221; custom_padding=&#8221;0px||0px||true|&#8221;][et_pb_column type=&#8221;1_2&#8243; _builder_version=&#8221;4.4.3&#8243;][et_pb_image src=&#8221;https:\/\/www.krearredo.it\/wp-content\/uploads\/2020\/04\/showroom-krearredo-4.jpg&#8221; alt=&#8221;Showroom &#8211; KreArredo&#8221; title_text=&#8221;Showroom &#8211; KreArredo&#8221; show_in_lightbox=&#8221;on&#8221; align=&#8221;center&#8221; _builder_version=&#8221;4.4.3&#8243;][\/et_pb_image][\/et_pb_column][et_pb_column type=&#8221;1_2&#8243; _builder_version=&#8221;4.4.3&#8243;][et_pb_image src=&#8221;https:\/\/www.krearredo.it\/wp-content\/uploads\/2020\/04\/showroom-krearredo-6.jpg&#8221; alt=&#8221;Showroom &#8211; KreArredo&#8221; title_text=&#8221;Showroom &#8211; KreArredo&#8221; show_in_lightbox=&#8221;on&#8221; align=&#8221;center&#8221; _builder_version=&#8221;4.4.3&#8243;][\/et_pb_image][\/et_pb_column][\/et_pb_row][\/et_pb_section]<\/p>\n","protected":false},"excerpt":{"rendered":"<p>ShowroomNon credo nel trasferirsi in un nuovo posto e replicare quello che hai lasciato. Dov\u2019\u00e8 il divertimento? Andrew Fishershowroom.Lo spazio che uniscei sogni dalla realt\u00e0Lo showroom \u00e8 il punto di congiunzione tra un desiderio e la sua realizzazione. il consulente \u00e8 colui che rende realizzabile questo sogno. Il nostro nuovo punto vendita (ex Pensare, situato [&hellip;]<\/p>\n","protected":false},"author":1,"featured_media":0,"parent":0,"menu_order":0,"comment_status":"closed","ping_status":"closed","template":"","meta":{"_et_pb_use_builder":"on","_et_pb_old_content":"","_et_gb_content_width":"","footnotes":""},"class_list":["post-1637","page","type-page","status-publish","hentry"],"yoast_head":"<!-- This site is optimized with the Yoast SEO plugin v26.0 - https:\/\/yoast.com\/wordpress\/plugins\/seo\/ -->\n<title>Showroom KreArredo - Lo spazio che unisce sogni in realt\u00e0<\/title>\n<meta name=\"robots\" content=\"index, follow, max-snippet:-1, max-image-preview:large, max-video-preview:-1\" \/>\n<link rel=\"canonical\" href=\"https:\/\/www.krearredo.it\/fr\/showroom\/\" \/>\n<meta property=\"og:locale\" content=\"fr_FR\" \/>\n<meta property=\"og:type\" content=\"article\" \/>\n<meta property=\"og:title\" content=\"Showroom KreArredo - Lo spazio che unisce sogni in realt\u00e0\" \/>\n<meta property=\"og:description\" content=\"ShowroomNon credo nel trasferirsi in un nuovo posto e replicare quello che hai lasciato. Dov\u2019\u00e8 il divertimento? Andrew Fishershowroom.Lo spazio che uniscei sogni dalla realt\u00e0Lo showroom \u00e8 il punto di congiunzione tra un desiderio e la sua realizzazione. il consulente \u00e8 colui che rende realizzabile questo sogno. Il nostro nuovo punto vendita (ex Pensare, situato [&hellip;]\" \/>\n<meta property=\"og:url\" content=\"https:\/\/www.krearredo.it\/fr\/showroom\/\" \/>\n<meta property=\"og:site_name\" content=\"Krearredo\" \/>\n<meta property=\"article:modified_time\" content=\"2021-03-31T07:53:05+00:00\" \/>\n<meta name=\"twitter:card\" content=\"summary_large_image\" \/>\n<meta name=\"twitter:label1\" content=\"Dur\u00e9e de lecture estim\u00e9e\" \/>\n\t<meta name=\"twitter:data1\" content=\"7 minutes\" \/>\n<script type=\"application\/ld+json\" class=\"yoast-schema-graph\">{\"@context\":\"https:\/\/schema.org\",\"@graph\":[{\"@type\":\"WebPage\",\"@id\":\"https:\/\/www.krearredo.it\/fr\/showroom\/\",\"url\":\"https:\/\/www.krearredo.it\/fr\/showroom\/\",\"name\":\"Showroom KreArredo - Lo spazio che unisce sogni in realt\u00e0\",\"isPartOf\":{\"@id\":\"https:\/\/www.krearredo.it\/fr\/#website\"},\"datePublished\":\"2021-03-31T07:53:04+00:00\",\"dateModified\":\"2021-03-31T07:53:05+00:00\",\"breadcrumb\":{\"@id\":\"https:\/\/www.krearredo.it\/fr\/showroom\/#breadcrumb\"},\"inLanguage\":\"fr-FR\",\"potentialAction\":[{\"@type\":\"ReadAction\",\"target\":[\"https:\/\/www.krearredo.it\/fr\/showroom\/\"]}]},{\"@type\":\"BreadcrumbList\",\"@id\":\"https:\/\/www.krearredo.it\/fr\/showroom\/#breadcrumb\",\"itemListElement\":[{\"@type\":\"ListItem\",\"position\":1,\"name\":\"Home\",\"item\":\"https:\/\/www.krearredo.it\/fr\/\"},{\"@type\":\"ListItem\",\"position\":2,\"name\":\"Showroom\"}]},{\"@type\":\"WebSite\",\"@id\":\"https:\/\/www.krearredo.it\/fr\/#website\",\"url\":\"https:\/\/www.krearredo.it\/fr\/\",\"name\":\"Krearredo\",\"description\":\"Design in Valle d&#039;Aosta\",\"potentialAction\":[{\"@type\":\"SearchAction\",\"target\":{\"@type\":\"EntryPoint\",\"urlTemplate\":\"https:\/\/www.krearredo.it\/fr\/?s={search_term_string}\"},\"query-input\":{\"@type\":\"PropertyValueSpecification\",\"valueRequired\":true,\"valueName\":\"search_term_string\"}}],\"inLanguage\":\"fr-FR\"}]}<\/script>\n<!-- \/ Yoast SEO plugin. -->","yoast_head_json":{"title":"Showroom KreArredo - Lo spazio che unisce sogni in realt\u00e0","robots":{"index":"index","follow":"follow","max-snippet":"max-snippet:-1","max-image-preview":"max-image-preview:large","max-video-preview":"max-video-preview:-1"},"canonical":"https:\/\/www.krearredo.it\/fr\/showroom\/","og_locale":"fr_FR","og_type":"article","og_title":"Showroom KreArredo - Lo spazio che unisce sogni in realt\u00e0","og_description":"ShowroomNon credo nel trasferirsi in un nuovo posto e replicare quello che hai lasciato. Dov\u2019\u00e8 il divertimento? Andrew Fishershowroom.Lo spazio che uniscei sogni dalla realt\u00e0Lo showroom \u00e8 il punto di congiunzione tra un desiderio e la sua realizzazione. il consulente \u00e8 colui che rende realizzabile questo sogno. Il nostro nuovo punto vendita (ex Pensare, situato [&hellip;]","og_url":"https:\/\/www.krearredo.it\/fr\/showroom\/","og_site_name":"Krearredo","article_modified_time":"2021-03-31T07:53:05+00:00","twitter_card":"summary_large_image","twitter_misc":{"Dur\u00e9e de lecture estim\u00e9e":"7 minutes"},"schema":{"@context":"https:\/\/schema.org","@graph":[{"@type":"WebPage","@id":"https:\/\/www.krearredo.it\/fr\/showroom\/","url":"https:\/\/www.krearredo.it\/fr\/showroom\/","name":"Showroom KreArredo - Lo spazio che unisce sogni in realt\u00e0","isPartOf":{"@id":"https:\/\/www.krearredo.it\/fr\/#website"},"datePublished":"2021-03-31T07:53:04+00:00","dateModified":"2021-03-31T07:53:05+00:00","breadcrumb":{"@id":"https:\/\/www.krearredo.it\/fr\/showroom\/#breadcrumb"},"inLanguage":"fr-FR","potentialAction":[{"@type":"ReadAction","target":["https:\/\/www.krearredo.it\/fr\/showroom\/"]}]},{"@type":"BreadcrumbList","@id":"https:\/\/www.krearredo.it\/fr\/showroom\/#breadcrumb","itemListElement":[{"@type":"ListItem","position":1,"name":"Home","item":"https:\/\/www.krearredo.it\/fr\/"},{"@type":"ListItem","position":2,"name":"Showroom"}]},{"@type":"WebSite","@id":"https:\/\/www.krearredo.it\/fr\/#website","url":"https:\/\/www.krearredo.it\/fr\/","name":"Krearredo","description":"Design in Valle d&#039;Aosta","potentialAction":[{"@type":"SearchAction","target":{"@type":"EntryPoint","urlTemplate":"https:\/\/www.krearredo.it\/fr\/?s={search_term_string}"},"query-input":{"@type":"PropertyValueSpecification","valueRequired":true,"valueName":"search_term_string"}}],"inLanguage":"fr-FR"}]}},"_links":{"self":[{"href":"https:\/\/www.krearredo.it\/fr\/wp-json\/wp\/v2\/pages\/1637","targetHints":{"allow":["GET"]}}],"collection":[{"href":"https:\/\/www.krearredo.it\/fr\/wp-json\/wp\/v2\/pages"}],"about":[{"href":"https:\/\/www.krearredo.it\/fr\/wp-json\/wp\/v2\/types\/page"}],"author":[{"embeddable":true,"href":"https:\/\/www.krearredo.it\/fr\/wp-json\/wp\/v2\/users\/1"}],"replies":[{"embeddable":true,"href":"https:\/\/www.krearredo.it\/fr\/wp-json\/wp\/v2\/comments?post=1637"}],"version-history":[{"count":2,"href":"https:\/\/www.krearredo.it\/fr\/wp-json\/wp\/v2\/pages\/1637\/revisions"}],"predecessor-version":[{"id":1639,"href":"https:\/\/www.krearredo.it\/fr\/wp-json\/wp\/v2\/pages\/1637\/revisions\/1639"}],"wp:attachment":[{"href":"https:\/\/www.krearredo.it\/fr\/wp-json\/wp\/v2\/media?parent=1637"}],"curies":[{"name":"wp","href":"https:\/\/api.w.org\/{rel}","templated":true}]}}