{"id":1661,"date":"2021-03-31T09:55:47","date_gmt":"2021-03-31T07:55:47","guid":{"rendered":"https:\/\/www.krearredo.it\/marchi\/"},"modified":"2025-06-20T17:22:17","modified_gmt":"2025-06-20T15:22:17","slug":"marchi","status":"publish","type":"page","link":"https:\/\/www.krearredo.it\/fr\/marchi\/","title":{"rendered":"Marchi"},"content":{"rendered":"<p>[et_pb_section fb_built=&#8221;1&#8243; custom_padding_last_edited=&#8221;on|phone&#8221; _builder_version=&#8221;4.16&#8243; use_background_color_gradient=&#8221;on&#8221; background_color_gradient_stops=&#8221;rgba(34,34,34,0.85) 0%|rgba(0,0,0,0.15) 100%&#8221; background_color_gradient_overlays_image=&#8221;on&#8221; background_color_gradient_start=&#8221;rgba(34,34,34,0.85)&#8221; background_color_gradient_end=&#8221;rgba(0,0,0,0.15)&#8221; background_image=&#8221;https:\/\/www.krearredo.it\/wp-content\/uploads\/2020\/04\/2.jpg&#8221; custom_padding=&#8221;150px||350px||false|false&#8221; custom_padding_tablet=&#8221;&#8221; custom_padding_phone=&#8221;100px||200px||false|false&#8221; global_colors_info=&#8221;{}&#8221; background__hover_enabled=&#8221;on|hover&#8221; background_color_gradient_end__hover=&#8221;rgba(0,0,0,0.15)&#8221; use_background_color_gradient__hover=&#8221;on&#8221; background_color_gradient_start__hover=&#8221;rgba(34,34,34,0.85)&#8221; background_color_gradient_stops__hover=&#8221;rgba(34,34,34,0.85) 0%|rgba(0,0,0,0.15) 100%&#8221;][et_pb_row _builder_version=&#8221;4.16&#8243; custom_margin=&#8221;0px||0px||false|false&#8221; custom_padding=&#8221;0px||0px||true|&#8221; global_colors_info=&#8221;{}&#8221;][et_pb_column type=&#8221;4_4&#8243; _builder_version=&#8221;4.16&#8243; global_colors_info=&#8221;{}&#8221;][et_pb_divider divider_weight=&#8221;50px&#8221; admin_label=&#8221;Modulo Separatore&#8221; _builder_version=&#8221;4.16&#8243; width=&#8221;2px&#8221; max_width=&#8221;2px&#8221; module_alignment=&#8221;center&#8221; animation_style=&#8221;slide&#8221; animation_direction=&#8221;top&#8221; locked=&#8221;on&#8221; global_colors_info=&#8221;{}&#8221;][\/et_pb_divider][et_pb_text admin_label=&#8221;Marchi&#8221; _builder_version=&#8221;4.16&#8243; header_font=&#8221;Montserrat||||||||&#8221; header_text_color=&#8221;#ffffff&#8221; header_line_height=&#8221;60px&#8221; custom_margin=&#8221;0px||0px||false|false&#8221; global_colors_info=&#8221;{}&#8221;]<\/p>\n<h1 style=\"text-align: center;\">Marchi<\/h1>\n<p>[\/et_pb_text][et_pb_text _builder_version=&#8221;4.16&#8243; text_font=&#8221;||||||||&#8221; text_text_color=&#8221;#ffffff&#8221; text_font_size=&#8221;20px&#8221; header_font=&#8221;||||||||&#8221; header_text_color=&#8221;#ffffff&#8221; custom_margin=&#8221;||5px||false|false&#8221; animation_style=&#8221;slide&#8221; animation_direction=&#8221;left&#8221; global_colors_info=&#8221;{}&#8221;]<\/p>\n<p style=\"text-align: center;\"><em>Arredare non significa fare scenografie, non significa fare belle immagini per le riviste;<br \/>\n\u00e8 piuttosto creare una qualit\u00e0 di vita, una bellezza che nutre l\u2019anima.<\/em><\/p>\n<p>[\/et_pb_text][et_pb_text _builder_version=&#8221;4.16&#8243; text_font=&#8221;||||||||&#8221; text_text_color=&#8221;#ffffff&#8221; text_font_size=&#8221;16px&#8221; header_font=&#8221;||||||||&#8221; header_text_color=&#8221;#ffffff&#8221; custom_margin=&#8221;||20px||false|false&#8221; animation_style=&#8221;slide&#8221; animation_direction=&#8221;left&#8221; locked=&#8221;off&#8221; global_colors_info=&#8221;{}&#8221;]<\/p>\n<p style=\"text-align: center;\"><em>Frank A. Parsons<\/em><\/p>\n<p>[\/et_pb_text][et_pb_divider divider_weight=&#8221;50px&#8221; admin_label=&#8221;Modulo Separatore&#8221; _builder_version=&#8221;4.16&#8243; width=&#8221;2px&#8221; max_width=&#8221;2px&#8221; module_alignment=&#8221;center&#8221; animation_style=&#8221;slide&#8221; animation_direction=&#8221;bottom&#8221; locked=&#8221;on&#8221; global_colors_info=&#8221;{}&#8221;][\/et_pb_divider][\/et_pb_column][\/et_pb_row][\/et_pb_section][et_pb_section fb_built=&#8221;1&#8243; custom_padding_last_edited=&#8221;on|tablet&#8221; _builder_version=&#8221;4.16&#8243; background_color=&#8221;#222222&#8243; background_enable_image=&#8221;off&#8221; custom_padding=&#8221;120px||160px||false|&#8221; custom_padding_tablet=&#8221;100px||100px||true|false&#8221; custom_padding_phone=&#8221;&#8221; global_colors_info=&#8221;{}&#8221;][et_pb_row column_structure=&#8221;1_3,1_3,1_3&#8243; use_custom_gutter=&#8221;on&#8221; gutter_width=&#8221;2&#8243; make_equal=&#8221;on&#8221; _builder_version=&#8221;4.16&#8243; width=&#8221;90%&#8221; max_width=&#8221;2560px&#8221; custom_padding=&#8221;0px||0px||true|&#8221; global_colors_info=&#8221;{}&#8221;][et_pb_column type=&#8221;1_3&#8243; _builder_version=&#8221;4.16&#8243; global_colors_info=&#8221;{}&#8221;][et_pb_image src=&#8221;https:\/\/www.krearredo.it\/wp-content\/uploads\/2025\/06\/colombini-casa-logo.png&#8221; title_text=&#8221;Colombini Casa Logo&#8221; align=&#8221;right&#8221; align_tablet=&#8221;center&#8221; align_phone=&#8221;&#8221; align_last_edited=&#8221;on|desktop&#8221; _builder_version=&#8221;4.26.0&#8243; max_width=&#8221;200px&#8221; max_width_tablet=&#8221;&#8221; max_width_phone=&#8221;&#8221; max_width_last_edited=&#8221;on|desktop&#8221; module_alignment=&#8221;right&#8221; custom_margin=&#8221;||-20px||false|false&#8221; module_alignment_tablet=&#8221;center&#8221; module_alignment_phone=&#8221;center&#8221; module_alignment_last_edited=&#8221;on|phone&#8221; global_colors_info=&#8221;{}&#8221;][\/et_pb_image][et_pb_text _builder_version=&#8221;4.26.0&#8243; text_text_color=&#8221;#eeeeee&#8221; max_width=&#8221;250px&#8221; module_alignment=&#8221;right&#8221; custom_padding=&#8221;0px|||||&#8221; hover_enabled=&#8221;0&#8243; global_colors_info=&#8221;{}&#8221; sticky_enabled=&#8221;0&#8243;]<\/p>\n<p style=\"text-align: right;\">Nous produisons en harmonie avec la tradition italienne de vivre la maison, r\u00e9alisant des projets ambitieux \u00e0 grande \u00e9chelle.<\/p>\n<p>[\/et_pb_text][et_pb_button button_url=&#8221;\/colombini-casa&#8221; button_text=&#8221;scopri di pi\u00f9&#8221; button_alignment=&#8221;right&#8221; _builder_version=&#8221;4.26.0&#8243; custom_button=&#8221;on&#8221; button_bg_color=&#8221;rgba(0,0,0,0)&#8221; button_border_color=&#8221;#aaaaaa&#8221; button_border_radius=&#8221;1px&#8221; button_use_icon=&#8221;off&#8221; custom_margin=&#8221;35px||||false|false&#8221; locked=&#8221;off&#8221; global_colors_info=&#8221;{}&#8221;][\/et_pb_button][\/et_pb_column][et_pb_column type=&#8221;1_3&#8243; _builder_version=&#8221;4.16&#8243; global_colors_info=&#8221;{}&#8221;][et_pb_image src=&#8221;https:\/\/www.krearredo.it\/wp-content\/uploads\/2020\/04\/imab.png&#8221; align=&#8221;right&#8221; align_tablet=&#8221;center&#8221; align_phone=&#8221;&#8221; align_last_edited=&#8221;on|desktop&#8221; _builder_version=&#8221;4.16&#8243; max_width=&#8221;200px&#8221; max_width_tablet=&#8221;&#8221; max_width_phone=&#8221;&#8221; max_width_last_edited=&#8221;on|desktop&#8221; module_alignment=&#8221;right&#8221; custom_margin=&#8221;||-20px||false|false&#8221; module_alignment_tablet=&#8221;center&#8221; module_alignment_phone=&#8221;center&#8221; module_alignment_last_edited=&#8221;on|phone&#8221; global_colors_info=&#8221;{}&#8221;][\/et_pb_image][et_pb_text _builder_version=&#8221;4.26.0&#8243; text_text_color=&#8221;#eeeeee&#8221; max_width=&#8221;250px&#8221; module_alignment=&#8221;right&#8221; custom_padding=&#8221;0px|||||&#8221; hover_enabled=&#8221;0&#8243; global_colors_info=&#8221;{}&#8221; sticky_enabled=&#8221;0&#8243;]<\/p>\n<p style=\"text-align: right;\">Nous produisons des meubles pour la maison et desservons les canaux de distribution organis\u00e9e, du retail et du contract. Notre production de meubles 100% Made in Italy.<\/p>\n<p>[\/et_pb_text][et_pb_button button_url=&#8221;\/marchio-imab-group&#8221; button_text=&#8221;scopri di pi\u00f9&#8221; button_alignment=&#8221;right&#8221; _builder_version=&#8221;4.16&#8243; custom_button=&#8221;on&#8221; button_bg_color=&#8221;rgba(0,0,0,0)&#8221; button_border_color=&#8221;#aaaaaa&#8221; button_border_radius=&#8221;1px&#8221; button_use_icon=&#8221;off&#8221; custom_margin=&#8221;35px||||false|false&#8221; locked=&#8221;off&#8221; global_colors_info=&#8221;{}&#8221;][\/et_pb_button][\/et_pb_column][et_pb_column type=&#8221;1_3&#8243; _builder_version=&#8221;4.16&#8243; global_colors_info=&#8221;{}&#8221;][et_pb_image src=&#8221;https:\/\/www.krearredo.it\/wp-content\/uploads\/2025\/06\/cucinesse-logo.png&#8221; title_text=&#8221;Cucinesse Logo&#8221; align=&#8221;right&#8221; align_tablet=&#8221;center&#8221; align_phone=&#8221;&#8221; align_last_edited=&#8221;on|desktop&#8221; _builder_version=&#8221;4.26.0&#8243; max_width=&#8221;200px&#8221; max_width_tablet=&#8221;&#8221; max_width_phone=&#8221;&#8221; max_width_last_edited=&#8221;on|desktop&#8221; module_alignment=&#8221;right&#8221; custom_margin=&#8221;||-20px||false|false&#8221; module_alignment_tablet=&#8221;center&#8221; module_alignment_phone=&#8221;center&#8221; module_alignment_last_edited=&#8221;on|phone&#8221; global_colors_info=&#8221;{}&#8221;][\/et_pb_image][et_pb_text _builder_version=&#8221;4.26.0&#8243; text_text_color=&#8221;#eeeeee&#8221; max_width=&#8221;250px&#8221; module_alignment=&#8221;right&#8221; custom_padding=&#8221;0px|||||&#8221; hover_enabled=&#8221;0&#8243; global_colors_info=&#8221;{}&#8221; sticky_enabled=&#8221;0&#8243;]<\/p>\n<p style=\"text-align: right;\">Cucinesse propose des solutions infinies pour rendre votre cuisine et votre espace de vie uniques. Chaque projet peut \u00eatre personnalis\u00e9 dans tous ses \u00e9l\u00e9ments<\/p>\n<p>[\/et_pb_text][et_pb_button button_url=&#8221;\/cucinesse&#8221; button_text=&#8221;scopri di pi\u00f9&#8221; button_alignment=&#8221;right&#8221; _builder_version=&#8221;4.26.0&#8243; custom_button=&#8221;on&#8221; button_bg_color=&#8221;rgba(0,0,0,0)&#8221; button_border_color=&#8221;#aaaaaa&#8221; button_border_radius=&#8221;1px&#8221; button_use_icon=&#8221;off&#8221; custom_margin=&#8221;35px||||false|false&#8221; locked=&#8221;off&#8221; global_colors_info=&#8221;{}&#8221;][\/et_pb_button][\/et_pb_column][\/et_pb_row][et_pb_row column_structure=&#8221;1_3,1_3,1_3&#8243; use_custom_gutter=&#8221;on&#8221; gutter_width=&#8221;2&#8243; make_equal=&#8221;on&#8221; _builder_version=&#8221;4.16&#8243; width=&#8221;90%&#8221; max_width=&#8221;2560px&#8221; custom_margin=&#8221;50px||||false|false&#8221; custom_margin_tablet=&#8221;50px||||false|false&#8221; custom_margin_phone=&#8221;&#8221; custom_margin_last_edited=&#8221;on|tablet&#8221; custom_padding=&#8221;0px||0px||true|&#8221; global_colors_info=&#8221;{}&#8221;][et_pb_column type=&#8221;1_3&#8243; _builder_version=&#8221;4.16&#8243; global_colors_info=&#8221;{}&#8221;][et_pb_image src=&#8221;https:\/\/www.krearredo.it\/wp-content\/uploads\/2020\/04\/le-comfort.png&#8221; align=&#8221;right&#8221; align_tablet=&#8221;center&#8221; align_phone=&#8221;&#8221; align_last_edited=&#8221;on|desktop&#8221; _builder_version=&#8221;4.16&#8243; max_width=&#8221;200px&#8221; max_width_tablet=&#8221;&#8221; max_width_phone=&#8221;&#8221; max_width_last_edited=&#8221;on|desktop&#8221; module_alignment=&#8221;right&#8221; custom_margin=&#8221;||-20px||false|false&#8221; module_alignment_tablet=&#8221;center&#8221; module_alignment_phone=&#8221;center&#8221; module_alignment_last_edited=&#8221;on|phone&#8221; global_colors_info=&#8221;{}&#8221;][\/et_pb_image][et_pb_text _builder_version=&#8221;4.26.0&#8243; text_text_color=&#8221;#eeeeee&#8221; max_width=&#8221;250px&#8221; module_alignment=&#8221;right&#8221; custom_padding=&#8221;0px|||||&#8221; hover_enabled=&#8221;0&#8243; global_colors_info=&#8221;{}&#8221; sticky_enabled=&#8221;0&#8243;]<\/p>\n<p style=\"text-align: right;\">Canap\u00e9s, lits, transformables et fauteuils, quatre cat\u00e9gories d\u00e9clin\u00e9es dans une galerie poly\u00e9drique de mod\u00e8les, dont chacun est l\u2019expression unique d\u2019un style particulier.<\/p>\n<p>[\/et_pb_text][et_pb_button button_url=&#8221;\/marchio-le-comfort&#8221; button_text=&#8221;scopri di pi\u00f9&#8221; button_alignment=&#8221;right&#8221; _builder_version=&#8221;4.16&#8243; custom_button=&#8221;on&#8221; button_bg_color=&#8221;rgba(0,0,0,0)&#8221; button_border_color=&#8221;#aaaaaa&#8221; button_border_radius=&#8221;1px&#8221; button_use_icon=&#8221;off&#8221; custom_margin=&#8221;35px||||false|false&#8221; locked=&#8221;off&#8221; global_colors_info=&#8221;{}&#8221;][\/et_pb_button][\/et_pb_column][et_pb_column type=&#8221;1_3&#8243; _builder_version=&#8221;4.16&#8243; global_colors_info=&#8221;{}&#8221;][et_pb_image src=&#8221;https:\/\/www.krearredo.it\/wp-content\/uploads\/2020\/04\/miform.png&#8221; align=&#8221;right&#8221; align_tablet=&#8221;center&#8221; align_phone=&#8221;&#8221; align_last_edited=&#8221;on|desktop&#8221; _builder_version=&#8221;4.16&#8243; max_width=&#8221;200px&#8221; max_width_tablet=&#8221;&#8221; max_width_phone=&#8221;&#8221; max_width_last_edited=&#8221;on|desktop&#8221; module_alignment=&#8221;right&#8221; custom_margin=&#8221;||-20px||false|false&#8221; module_alignment_tablet=&#8221;center&#8221; module_alignment_phone=&#8221;center&#8221; module_alignment_last_edited=&#8221;on|phone&#8221; global_colors_info=&#8221;{}&#8221;][\/et_pb_image][et_pb_text _builder_version=&#8221;4.16&#8243; text_text_color=&#8221;#eeeeee&#8221; max_width=&#8221;250px&#8221; module_alignment=&#8221;right&#8221; custom_padding=&#8221;0px|||||&#8221; global_colors_info=&#8221;{}&#8221;]<\/p>\n<p style=\"text-align: right;\">Miform produit des canap\u00e9s et des fauteuils, en s\u2019adressant principalement \u00e0 une client\u00e8le de grossistes et de d\u00e9taillants.<\/p>\n<p>[\/et_pb_text][et_pb_button button_url=&#8221;\/marchio-miform&#8221; button_text=&#8221;scopri di pi\u00f9&#8221; button_alignment=&#8221;right&#8221; _builder_version=&#8221;4.16&#8243; custom_button=&#8221;on&#8221; button_bg_color=&#8221;rgba(0,0,0,0)&#8221; button_border_color=&#8221;#aaaaaa&#8221; button_border_radius=&#8221;1px&#8221; button_use_icon=&#8221;off&#8221; custom_margin=&#8221;35px||||false|false&#8221; locked=&#8221;off&#8221; global_colors_info=&#8221;{}&#8221;][\/et_pb_button][\/et_pb_column][et_pb_column type=&#8221;1_3&#8243; _builder_version=&#8221;4.16&#8243; global_colors_info=&#8221;{}&#8221;][et_pb_image src=&#8221;https:\/\/www.krearredo.it\/wp-content\/uploads\/2020\/04\/stones.png&#8221; align=&#8221;right&#8221; align_tablet=&#8221;center&#8221; align_phone=&#8221;&#8221; align_last_edited=&#8221;on|desktop&#8221; _builder_version=&#8221;4.16&#8243; max_width=&#8221;200px&#8221; max_width_tablet=&#8221;&#8221; max_width_phone=&#8221;&#8221; max_width_last_edited=&#8221;on|desktop&#8221; module_alignment=&#8221;right&#8221; custom_margin=&#8221;||-20px||false|false&#8221; module_alignment_tablet=&#8221;center&#8221; module_alignment_phone=&#8221;center&#8221; module_alignment_last_edited=&#8221;on|phone&#8221; global_colors_info=&#8221;{}&#8221;][\/et_pb_image][et_pb_text _builder_version=&#8221;4.26.0&#8243; text_text_color=&#8221;#eeeeee&#8221; max_width=&#8221;250px&#8221; module_alignment=&#8221;right&#8221; custom_padding=&#8221;0px|||||&#8221; hover_enabled=&#8221;0&#8243; global_colors_info=&#8221;{}&#8221; sticky_enabled=&#8221;0&#8243;]<\/p>\n<p style=\"text-align: right;\">Des tables aux fauteuils, des lustres aux tableaux, en passant par les chemin\u00e9es et les bibelots, laissez-vous surprendre par toutes nos offres de la marque Stones.<\/p>\n<p>[\/et_pb_text][et_pb_button button_url=&#8221;\/marchio-stones&#8221; button_text=&#8221;scopri di pi\u00f9&#8221; button_alignment=&#8221;right&#8221; _builder_version=&#8221;4.16&#8243; custom_button=&#8221;on&#8221; button_bg_color=&#8221;rgba(0,0,0,0)&#8221; button_border_color=&#8221;#aaaaaa&#8221; button_border_radius=&#8221;1px&#8221; button_use_icon=&#8221;off&#8221; custom_margin=&#8221;35px||||false|false&#8221; locked=&#8221;off&#8221; global_colors_info=&#8221;{}&#8221;][\/et_pb_button][\/et_pb_column][\/et_pb_row][et_pb_row column_structure=&#8221;1_3,1_3,1_3&#8243; use_custom_gutter=&#8221;on&#8221; gutter_width=&#8221;2&#8243; make_equal=&#8221;on&#8221; _builder_version=&#8221;4.16&#8243; width=&#8221;90%&#8221; max_width=&#8221;2560px&#8221; custom_margin=&#8221;50px||||false|false&#8221; custom_margin_tablet=&#8221;50px||||false|false&#8221; custom_margin_phone=&#8221;&#8221; custom_margin_last_edited=&#8221;on|tablet&#8221; custom_padding=&#8221;0px||0px||true|&#8221; global_colors_info=&#8221;{}&#8221;][et_pb_column type=&#8221;1_3&#8243; _builder_version=&#8221;4.16&#8243; global_colors_info=&#8221;{}&#8221;][et_pb_image src=&#8221;https:\/\/www.krearredo.it\/wp-content\/uploads\/2025\/06\/fratelli-mirandola-logo.png&#8221; title_text=&#8221;Fratelli Mirandola Logo&#8221; align=&#8221;right&#8221; align_tablet=&#8221;center&#8221; align_phone=&#8221;&#8221; align_last_edited=&#8221;on|desktop&#8221; _builder_version=&#8221;4.26.0&#8243; max_width=&#8221;200px&#8221; max_width_tablet=&#8221;&#8221; max_width_phone=&#8221;&#8221; max_width_last_edited=&#8221;on|desktop&#8221; module_alignment=&#8221;right&#8221; custom_margin=&#8221;||-20px||false|false&#8221; module_alignment_tablet=&#8221;center&#8221; module_alignment_phone=&#8221;center&#8221; module_alignment_last_edited=&#8221;on|phone&#8221; global_colors_info=&#8221;{}&#8221;][\/et_pb_image][et_pb_text _builder_version=&#8221;4.26.0&#8243; text_text_color=&#8221;#eeeeee&#8221; max_width=&#8221;250px&#8221; module_alignment=&#8221;right&#8221; custom_padding=&#8221;0px|||||&#8221; hover_enabled=&#8221;0&#8243; global_colors_info=&#8221;{}&#8221; sticky_enabled=&#8221;0&#8243;]<\/p>\n<p style=\"text-align: right;\">La passion pour le bois et le savoir-faire artisanal, combin\u00e9s aux technologies de production les plus avanc\u00e9es, permettent \u00e0 l\u2019entreprise v\u00e9ronaise Fratelli Mirandola d\u2019offrir un vaste catalogue d\u2019ameublement pour la zone jour et nuit, caract\u00e9ris\u00e9 par une excellente qualit\u00e9.<\/p>\n<p>[\/et_pb_text][et_pb_button button_url=&#8221;\/fratelli-mirandola&#8221; button_text=&#8221;scopri di pi\u00f9&#8221; button_alignment=&#8221;right&#8221; _builder_version=&#8221;4.26.0&#8243; custom_button=&#8221;on&#8221; button_bg_color=&#8221;rgba(0,0,0,0)&#8221; button_border_color=&#8221;#aaaaaa&#8221; button_border_radius=&#8221;1px&#8221; button_use_icon=&#8221;off&#8221; custom_margin=&#8221;35px||||false|false&#8221; locked=&#8221;off&#8221; global_colors_info=&#8221;{}&#8221;][\/et_pb_button][\/et_pb_column][et_pb_column type=&#8221;1_3&#8243; _builder_version=&#8221;4.16&#8243; global_colors_info=&#8221;{}&#8221;][\/et_pb_column][et_pb_column type=&#8221;1_3&#8243; _builder_version=&#8221;4.16&#8243; global_colors_info=&#8221;{}&#8221;][\/et_pb_column][\/et_pb_row][\/et_pb_section][et_pb_section fb_built=&#8221;1&#8243; custom_padding_last_edited=&#8221;on|tablet&#8221; _builder_version=&#8221;4.16&#8243; background_image=&#8221;https:\/\/www.krearredo.it\/wp-content\/uploads\/2020\/04\/4.jpg&#8221; parallax=&#8221;on&#8221; custom_padding=&#8221;300px||300px||true|false&#8221; custom_padding_tablet=&#8221;200px||200px||true|false&#8221; custom_padding_phone=&#8221;&#8221; locked=&#8221;on&#8221; global_colors_info=&#8221;{}&#8221;][et_pb_row _builder_version=&#8221;4.16&#8243; global_colors_info=&#8221;{}&#8221;][et_pb_column type=&#8221;4_4&#8243; _builder_version=&#8221;4.16&#8243; global_colors_info=&#8221;{}&#8221;][et_pb_divider show_divider=&#8221;off&#8221; _builder_version=&#8221;4.16&#8243; global_colors_info=&#8221;{}&#8221;][\/et_pb_divider][\/et_pb_column][\/et_pb_row][\/et_pb_section]<\/p>\n","protected":false},"excerpt":{"rendered":"<p>MarchiArredare non significa fare scenografie, non significa fare belle immagini per le riviste; \u00e8 piuttosto creare una qualit\u00e0 di vita, una bellezza che nutre l\u2019anima.Frank A. ParsonsNous produisons en harmonie avec la tradition italienne de vivre la maison, r\u00e9alisant des projets ambitieux \u00e0 grande \u00e9chelle.Nous produisons des meubles pour la maison et desservons les canaux [&hellip;]<\/p>\n","protected":false},"author":1,"featured_media":0,"parent":0,"menu_order":0,"comment_status":"closed","ping_status":"closed","template":"","meta":{"_et_pb_use_builder":"on","_et_pb_old_content":"","_et_gb_content_width":"","footnotes":""},"class_list":["post-1661","page","type-page","status-publish","hentry"],"yoast_head":"<!-- This site is optimized with the Yoast SEO plugin v26.0 - https:\/\/yoast.com\/wordpress\/plugins\/seo\/ -->\n<title>Marchi - Krearredo<\/title>\n<meta name=\"robots\" content=\"index, follow, max-snippet:-1, max-image-preview:large, max-video-preview:-1\" \/>\n<link rel=\"canonical\" href=\"https:\/\/www.krearredo.it\/fr\/marchi\/\" \/>\n<meta property=\"og:locale\" content=\"fr_FR\" \/>\n<meta property=\"og:type\" content=\"article\" \/>\n<meta property=\"og:title\" content=\"Marchi - Krearredo\" \/>\n<meta property=\"og:description\" content=\"MarchiArredare non significa fare scenografie, non significa fare belle immagini per le riviste; \u00e8 piuttosto creare una qualit\u00e0 di vita, una bellezza che nutre l\u2019anima.Frank A. ParsonsNous produisons en harmonie avec la tradition italienne de vivre la maison, r\u00e9alisant des projets ambitieux \u00e0 grande \u00e9chelle.Nous produisons des meubles pour la maison et desservons les canaux [&hellip;]\" \/>\n<meta property=\"og:url\" content=\"https:\/\/www.krearredo.it\/fr\/marchi\/\" \/>\n<meta property=\"og:site_name\" content=\"Krearredo\" \/>\n<meta property=\"article:modified_time\" content=\"2025-06-20T15:22:17+00:00\" \/>\n<meta name=\"twitter:card\" content=\"summary_large_image\" \/>\n<meta name=\"twitter:label1\" content=\"Dur\u00e9e de lecture estim\u00e9e\" \/>\n\t<meta name=\"twitter:data1\" content=\"10 minutes\" \/>\n<script type=\"application\/ld+json\" class=\"yoast-schema-graph\">{\"@context\":\"https:\/\/schema.org\",\"@graph\":[{\"@type\":\"WebPage\",\"@id\":\"https:\/\/www.krearredo.it\/fr\/marchi\/\",\"url\":\"https:\/\/www.krearredo.it\/fr\/marchi\/\",\"name\":\"Marchi - Krearredo\",\"isPartOf\":{\"@id\":\"https:\/\/www.krearredo.it\/fr\/#website\"},\"datePublished\":\"2021-03-31T07:55:47+00:00\",\"dateModified\":\"2025-06-20T15:22:17+00:00\",\"breadcrumb\":{\"@id\":\"https:\/\/www.krearredo.it\/fr\/marchi\/#breadcrumb\"},\"inLanguage\":\"fr-FR\",\"potentialAction\":[{\"@type\":\"ReadAction\",\"target\":[\"https:\/\/www.krearredo.it\/fr\/marchi\/\"]}]},{\"@type\":\"BreadcrumbList\",\"@id\":\"https:\/\/www.krearredo.it\/fr\/marchi\/#breadcrumb\",\"itemListElement\":[{\"@type\":\"ListItem\",\"position\":1,\"name\":\"Home\",\"item\":\"https:\/\/www.krearredo.it\/fr\/\"},{\"@type\":\"ListItem\",\"position\":2,\"name\":\"Marchi\"}]},{\"@type\":\"WebSite\",\"@id\":\"https:\/\/www.krearredo.it\/fr\/#website\",\"url\":\"https:\/\/www.krearredo.it\/fr\/\",\"name\":\"Krearredo\",\"description\":\"Design in Valle d&#039;Aosta\",\"potentialAction\":[{\"@type\":\"SearchAction\",\"target\":{\"@type\":\"EntryPoint\",\"urlTemplate\":\"https:\/\/www.krearredo.it\/fr\/?s={search_term_string}\"},\"query-input\":{\"@type\":\"PropertyValueSpecification\",\"valueRequired\":true,\"valueName\":\"search_term_string\"}}],\"inLanguage\":\"fr-FR\"}]}<\/script>\n<!-- \/ Yoast SEO plugin. -->","yoast_head_json":{"title":"Marchi - Krearredo","robots":{"index":"index","follow":"follow","max-snippet":"max-snippet:-1","max-image-preview":"max-image-preview:large","max-video-preview":"max-video-preview:-1"},"canonical":"https:\/\/www.krearredo.it\/fr\/marchi\/","og_locale":"fr_FR","og_type":"article","og_title":"Marchi - Krearredo","og_description":"MarchiArredare non significa fare scenografie, non significa fare belle immagini per le riviste; \u00e8 piuttosto creare una qualit\u00e0 di vita, una bellezza che nutre l\u2019anima.Frank A. ParsonsNous produisons en harmonie avec la tradition italienne de vivre la maison, r\u00e9alisant des projets ambitieux \u00e0 grande \u00e9chelle.Nous produisons des meubles pour la maison et desservons les canaux [&hellip;]","og_url":"https:\/\/www.krearredo.it\/fr\/marchi\/","og_site_name":"Krearredo","article_modified_time":"2025-06-20T15:22:17+00:00","twitter_card":"summary_large_image","twitter_misc":{"Dur\u00e9e de lecture estim\u00e9e":"10 minutes"},"schema":{"@context":"https:\/\/schema.org","@graph":[{"@type":"WebPage","@id":"https:\/\/www.krearredo.it\/fr\/marchi\/","url":"https:\/\/www.krearredo.it\/fr\/marchi\/","name":"Marchi - Krearredo","isPartOf":{"@id":"https:\/\/www.krearredo.it\/fr\/#website"},"datePublished":"2021-03-31T07:55:47+00:00","dateModified":"2025-06-20T15:22:17+00:00","breadcrumb":{"@id":"https:\/\/www.krearredo.it\/fr\/marchi\/#breadcrumb"},"inLanguage":"fr-FR","potentialAction":[{"@type":"ReadAction","target":["https:\/\/www.krearredo.it\/fr\/marchi\/"]}]},{"@type":"BreadcrumbList","@id":"https:\/\/www.krearredo.it\/fr\/marchi\/#breadcrumb","itemListElement":[{"@type":"ListItem","position":1,"name":"Home","item":"https:\/\/www.krearredo.it\/fr\/"},{"@type":"ListItem","position":2,"name":"Marchi"}]},{"@type":"WebSite","@id":"https:\/\/www.krearredo.it\/fr\/#website","url":"https:\/\/www.krearredo.it\/fr\/","name":"Krearredo","description":"Design in Valle d&#039;Aosta","potentialAction":[{"@type":"SearchAction","target":{"@type":"EntryPoint","urlTemplate":"https:\/\/www.krearredo.it\/fr\/?s={search_term_string}"},"query-input":{"@type":"PropertyValueSpecification","valueRequired":true,"valueName":"search_term_string"}}],"inLanguage":"fr-FR"}]}},"_links":{"self":[{"href":"https:\/\/www.krearredo.it\/fr\/wp-json\/wp\/v2\/pages\/1661","targetHints":{"allow":["GET"]}}],"collection":[{"href":"https:\/\/www.krearredo.it\/fr\/wp-json\/wp\/v2\/pages"}],"about":[{"href":"https:\/\/www.krearredo.it\/fr\/wp-json\/wp\/v2\/types\/page"}],"author":[{"embeddable":true,"href":"https:\/\/www.krearredo.it\/fr\/wp-json\/wp\/v2\/users\/1"}],"replies":[{"embeddable":true,"href":"https:\/\/www.krearredo.it\/fr\/wp-json\/wp\/v2\/comments?post=1661"}],"version-history":[{"count":5,"href":"https:\/\/www.krearredo.it\/fr\/wp-json\/wp\/v2\/pages\/1661\/revisions"}],"predecessor-version":[{"id":2137,"href":"https:\/\/www.krearredo.it\/fr\/wp-json\/wp\/v2\/pages\/1661\/revisions\/2137"}],"wp:attachment":[{"href":"https:\/\/www.krearredo.it\/fr\/wp-json\/wp\/v2\/media?parent=1661"}],"curies":[{"name":"wp","href":"https:\/\/api.w.org\/{rel}","templated":true}]}}