{"id":1664,"date":"2021-03-31T09:56:05","date_gmt":"2021-03-31T07:56:05","guid":{"rendered":"https:\/\/www.krearredo.it\/imab-group\/"},"modified":"2021-03-31T09:56:06","modified_gmt":"2021-03-31T07:56:06","slug":"imab-group","status":"publish","type":"page","link":"https:\/\/www.krearredo.it\/fr\/imab-group\/","title":{"rendered":"Imab Group"},"content":{"rendered":"<p>[et_pb_section fb_built=&#8221;1&#8243; custom_padding_last_edited=&#8221;on|phone&#8221; _builder_version=&#8221;4.4.3&#8243; use_background_color_gradient=&#8221;on&#8221; background_color_gradient_start=&#8221;rgba(34,34,34,0.85)&#8221; background_color_gradient_end=&#8221;rgba(0,0,0,0.15)&#8221; background_color_gradient_overlays_image=&#8221;on&#8221; background_image=&#8221;http:\/\/www.krearredo.it\/wp-content\/uploads\/2020\/04\/imab-2.jpg&#8221; custom_padding=&#8221;150px||350px||false|false&#8221; custom_padding_tablet=&#8221;&#8221; custom_padding_phone=&#8221;100px||200px||false|false&#8221; background__hover_enabled=&#8221;on|hover&#8221; background_color_gradient_end__hover=&#8221;rgba(0,0,0,0.15)&#8221; use_background_color_gradient__hover=&#8221;on&#8221; background_color_gradient_start__hover=&#8221;rgba(34,34,34,0.85)&#8221;][et_pb_row _builder_version=&#8221;4.4.1&#8243; custom_margin=&#8221;0px||0px||false|false&#8221; custom_padding=&#8221;0px||0px||true|&#8221;][et_pb_column type=&#8221;4_4&#8243; _builder_version=&#8221;4.4.1&#8243;][et_pb_divider divider_weight=&#8221;50px&#8221; _builder_version=&#8221;4.4.1&#8243; width=&#8221;2px&#8221; max_width=&#8221;2px&#8221; module_alignment=&#8221;center&#8221; animation_style=&#8221;slide&#8221; animation_direction=&#8221;top&#8221; locked=&#8221;on&#8221;][\/et_pb_divider][et_pb_text admin_label=&#8221;Imab Group&#8221; _builder_version=&#8221;4.4.3&#8243; header_font=&#8221;Montserrat||||||||&#8221; header_text_color=&#8221;#ffffff&#8221; header_line_height=&#8221;60px&#8221; custom_margin=&#8221;0px||0px||false|false&#8221;]<\/p>\n<h1 style=\"text-align: center;\">Imab Group<\/h1>\n<p>[\/et_pb_text][et_pb_text _builder_version=&#8221;4.4.3&#8243; text_font=&#8221;||||||||&#8221; text_text_color=&#8221;#ffffff&#8221; text_font_size=&#8221;20px&#8221; header_font=&#8221;||||||||&#8221; header_text_color=&#8221;#ffffff&#8221; custom_margin=&#8221;||20px||false|false&#8221; animation_style=&#8221;slide&#8221; animation_direction=&#8221;left&#8221;]<\/p>\n<p style=\"text-align: center;\">Cucine | Living | Camere<\/p>\n<p>[\/et_pb_text][et_pb_divider divider_weight=&#8221;50px&#8221; _builder_version=&#8221;4.4.1&#8243; width=&#8221;2px&#8221; max_width=&#8221;2px&#8221; module_alignment=&#8221;center&#8221; animation_style=&#8221;slide&#8221; animation_direction=&#8221;bottom&#8221; locked=&#8221;on&#8221;][\/et_pb_divider][\/et_pb_column][\/et_pb_row][\/et_pb_section][et_pb_section fb_built=&#8221;1&#8243; custom_padding_last_edited=&#8221;on|phone&#8221; _builder_version=&#8221;4.4.3&#8243; background_color=&#8221;#222222&#8243; background_enable_image=&#8221;off&#8221; custom_padding=&#8221;160px||160px||true|&#8221; custom_padding_tablet=&#8221;100px||100px||true|false&#8221; custom_padding_phone=&#8221;&#8221;][et_pb_row column_structure=&#8221;1_4,1_4,1_2&#8243; use_custom_gutter=&#8221;on&#8221; gutter_width=&#8221;2&#8243; make_equal=&#8221;on&#8221; _builder_version=&#8221;4.4.3&#8243; width=&#8221;90%&#8221; max_width=&#8221;2560px&#8221; custom_padding=&#8221;0px||0px||true|&#8221;][et_pb_column type=&#8221;1_4&#8243; _builder_version=&#8221;4.4.1&#8243;][et_pb_text admin_label=&#8221;Imab Group&#8221; _builder_version=&#8221;4.4.3&#8243; text_text_color=&#8221;#eeeeee&#8221; header_2_text_color=&#8221;#eeeeee&#8221; min_height=&#8221;26px&#8221; custom_margin=&#8221;||||false|false&#8221; animation_style=&#8221;slide&#8221; animation_direction=&#8221;top&#8221;]<\/p>\n<h2 style=\"text-align: right;\">imab<br \/>group.<\/h2>\n<p>[\/et_pb_text][et_pb_text _builder_version=&#8221;4.4.3&#8243; text_text_color=&#8221;#eeeeee&#8221; max_width=&#8221;250px&#8221; module_alignment=&#8221;right&#8221; custom_padding=&#8221;0px|||||&#8221;]<\/p>\n<p style=\"text-align: right;\">Produciamo <strong>arredamento<\/strong> per la casa e serviamo i canali della distribuzione organizzata, del retail e del contract. La nostra produzione di mobili componibili <strong>100% Made in Italy<\/strong>, basata sul pannello squadrabordato in truciolare nobilitato, abbraccia gli ambienti notte, living e cucina.<\/p>\n<p>[\/et_pb_text][\/et_pb_column][et_pb_column type=&#8221;1_4&#8243; _builder_version=&#8221;4.4.3&#8243; background_image=&#8221;https:\/\/www.krearredo.it\/wp-content\/uploads\/2020\/04\/imab-group-6.jpg&#8221; custom_padding=&#8221;200px||200px||true|false&#8221; custom_padding_tablet=&#8221;120px||120px||true|false&#8221; custom_padding_phone=&#8221;&#8221; custom_padding_last_edited=&#8221;on|phone&#8221;][et_pb_divider show_divider=&#8221;off&#8221; _builder_version=&#8221;4.4.1&#8243; locked=&#8221;on&#8221;][\/et_pb_divider][\/et_pb_column][et_pb_column type=&#8221;1_2&#8243; _builder_version=&#8221;4.4.1&#8243;][et_pb_text _builder_version=&#8221;4.4.3&#8243; text_text_color=&#8221;#eeeeee&#8221; header_2_text_color=&#8221;#666666&#8243; header_3_text_color=&#8221;#ffffff&#8221; max_width=&#8221;500px&#8221; custom_margin=&#8221;||15px||false|false&#8221; locked=&#8221;off&#8221;]<\/p>\n<h3 style=\"text-align: left;\">Un&#8217;eccellenza dell&#8217;arredamento<br \/>100% Made in Italy<\/h3>\n<p>[\/et_pb_text][et_pb_text _builder_version=&#8221;4.4.3&#8243; text_text_color=&#8221;#eeeeee&#8221; max_width=&#8221;500px&#8221; module_alignment=&#8221;left&#8221; custom_padding=&#8221;0px|||||&#8221;]<\/p>\n<p>La nostra storia comincia cinquant\u2019anni fa con radici che affondano nei primi del 1900. Negli anni abbiamo costruito la nostra azienda divenendo uno dei centri strategici del distretto del mobile di Pesaro e Urbino e il primo produttore in Italia per volume di mobili componibili per l\u2019ambiente notte. Oggi siamo una realt\u00e0 industriale altamente integrata e organizzata in 10 unit\u00e0 produttive dislocate tra Fermignano e Canavaccio di Urbino coordinate attraverso un articolato sistema tecnologico.<\/p>\n<p>[\/et_pb_text][et_pb_text _builder_version=&#8221;4.4.3&#8243; text_text_color=&#8221;#eeeeee&#8221; max_width=&#8221;500px&#8221; module_alignment=&#8221;left&#8221; custom_padding=&#8221;0px|||||&#8221;]<\/p>\n<p><strong>Precisione e velocit\u00e0<\/strong> sono le caratteristiche pi\u00f9 apprezzate dai nostri interlocutori, insieme a un prezzo di fascia media per un prodotto con un percepito di qualit\u00e0 che pu\u00f2 certamente confrontarsi con target di mercato pi\u00f9 alti.<\/p>\n<p>[\/et_pb_text][et_pb_button button_url=&#8221;https:\/\/www.imab.com\/&#8221; url_new_window=&#8221;on&#8221; button_text=&#8221;visita il sito imab group&#8221; button_alignment=&#8221;left&#8221; _builder_version=&#8221;4.4.3&#8243; custom_button=&#8221;on&#8221; button_bg_color=&#8221;rgba(0,0,0,0)&#8221; button_border_color=&#8221;#aaaaaa&#8221; button_border_radius=&#8221;1px&#8221; button_use_icon=&#8221;off&#8221; custom_margin=&#8221;35px||||false|false&#8221; locked=&#8221;off&#8221;][\/et_pb_button][et_pb_divider show_divider=&#8221;off&#8221; _builder_version=&#8221;4.4.1&#8243; locked=&#8221;on&#8221;][\/et_pb_divider][\/et_pb_column][\/et_pb_row][\/et_pb_section][et_pb_section fb_built=&#8221;1&#8243; custom_padding_last_edited=&#8221;on|tablet&#8221; module_id=&#8221;gallery&#8221; _builder_version=&#8221;4.4.3&#8243; custom_padding=&#8221;120px||120px||true|&#8221; custom_padding_tablet=&#8221;100px||100px||true|false&#8221; custom_padding_phone=&#8221;&#8221;][et_pb_row _builder_version=&#8221;4.4.3&#8243; custom_padding=&#8221;0px||50px|||&#8221;][et_pb_column type=&#8221;4_4&#8243; _builder_version=&#8221;4.4.3&#8243;][et_pb_divider divider_weight=&#8221;50px&#8221; _builder_version=&#8221;4.4.1&#8243; width=&#8221;2px&#8221; max_width=&#8221;2px&#8221; module_alignment=&#8221;center&#8221; animation_style=&#8221;slide&#8221; animation_direction=&#8221;top&#8221; locked=&#8221;on&#8221;][\/et_pb_divider][et_pb_text _builder_version=&#8221;4.4.3&#8243; text_text_color=&#8221;#eeeeee&#8221; min_height=&#8221;26px&#8221; custom_margin=&#8221;10px||10px||false|false&#8221; animation_style=&#8221;slide&#8221; animation_direction=&#8221;top&#8221;]<\/p>\n<h2 style=\"text-align: center;\">gallery.<\/h2>\n<p>[\/et_pb_text][\/et_pb_column][\/et_pb_row][et_pb_row column_structure=&#8221;1_3,1_3,1_3&#8243; use_custom_gutter=&#8221;on&#8221; gutter_width=&#8221;2&#8243; make_equal=&#8221;on&#8221; _builder_version=&#8221;4.4.3&#8243; width=&#8221;90%&#8221; max_width=&#8221;2560px&#8221; custom_padding=&#8221;0px||0px||true|&#8221;][et_pb_column type=&#8221;1_3&#8243; _builder_version=&#8221;4.4.3&#8243;][et_pb_image src=&#8221;https:\/\/www.krearredo.it\/wp-content\/uploads\/2020\/04\/imab-group-5.jpg&#8221; alt=&#8221;Imab Group &#8211; KreArredo&#8221; title_text=&#8221;Imab Group &#8211; KreArredo&#8221; show_in_lightbox=&#8221;on&#8221; align=&#8221;center&#8221; _builder_version=&#8221;4.4.3&#8243;][\/et_pb_image][\/et_pb_column][et_pb_column type=&#8221;1_3&#8243; _builder_version=&#8221;4.4.3&#8243;][et_pb_image src=&#8221;https:\/\/www.krearredo.it\/wp-content\/uploads\/2020\/04\/imab-group-4.jpg&#8221; alt=&#8221;Imab Group &#8211; KreArredo&#8221; title_text=&#8221;Imab Group &#8211; KreArredo&#8221; show_in_lightbox=&#8221;on&#8221; align=&#8221;center&#8221; _builder_version=&#8221;4.4.3&#8243;][\/et_pb_image][\/et_pb_column][et_pb_column type=&#8221;1_3&#8243; _builder_version=&#8221;4.4.3&#8243;][et_pb_image src=&#8221;https:\/\/www.krearredo.it\/wp-content\/uploads\/2020\/04\/imab-group-3.jpg&#8221; alt=&#8221;Imab Group &#8211; KreArredo&#8221; title_text=&#8221;Imab Group &#8211; KreArredo&#8221; show_in_lightbox=&#8221;on&#8221; align=&#8221;center&#8221; _builder_version=&#8221;4.4.3&#8243;][\/et_pb_image][\/et_pb_column][\/et_pb_row][et_pb_row column_structure=&#8221;1_2,1_2&#8243; use_custom_gutter=&#8221;on&#8221; gutter_width=&#8221;2&#8243; make_equal=&#8221;on&#8221; _builder_version=&#8221;4.4.3&#8243; width=&#8221;90%&#8221; max_width=&#8221;2560px&#8221; custom_margin=&#8221;40px||||false|false&#8221; custom_padding=&#8221;0px||0px||true|&#8221;][et_pb_column type=&#8221;1_2&#8243; _builder_version=&#8221;4.4.3&#8243;][et_pb_image src=&#8221;https:\/\/www.krearredo.it\/wp-content\/uploads\/2020\/04\/imab-group-2.jpg&#8221; alt=&#8221;Imab Group &#8211; KreArredo&#8221; title_text=&#8221;Imab Group &#8211; KreArredo&#8221; show_in_lightbox=&#8221;on&#8221; align=&#8221;center&#8221; _builder_version=&#8221;4.4.3&#8243;][\/et_pb_image][\/et_pb_column][et_pb_column type=&#8221;1_2&#8243; _builder_version=&#8221;4.4.3&#8243;][et_pb_image src=&#8221;https:\/\/www.krearredo.it\/wp-content\/uploads\/2020\/04\/imab-group-1.jpg&#8221; alt=&#8221;Imab Group &#8211; KreArredo&#8221; title_text=&#8221;Imab Group &#8211; KreArredo&#8221; show_in_lightbox=&#8221;on&#8221; align=&#8221;center&#8221; _builder_version=&#8221;4.4.3&#8243;][\/et_pb_image][\/et_pb_column][\/et_pb_row][\/et_pb_section]<\/p>\n","protected":false},"excerpt":{"rendered":"<p>Imab Group Cucine | Living | Camere imabgroup. Produciamo arredamento per la casa e serviamo i canali della distribuzione organizzata, del retail e del contract. La nostra produzione di mobili componibili 100% Made in Italy, basata sul pannello squadrabordato in truciolare nobilitato, abbraccia gli ambienti notte, living e cucina. Un&#8217;eccellenza dell&#8217;arredamento100% Made in Italy La [&hellip;]<\/p>\n","protected":false},"author":1,"featured_media":0,"parent":0,"menu_order":0,"comment_status":"closed","ping_status":"closed","template":"","meta":{"_et_pb_use_builder":"on","_et_pb_old_content":"","_et_gb_content_width":"","footnotes":""},"class_list":["post-1664","page","type-page","status-publish","hentry"],"yoast_head":"<!-- This site is optimized with the Yoast SEO plugin v26.0 - https:\/\/yoast.com\/wordpress\/plugins\/seo\/ -->\n<title>Imab Group KreArredo - Cucine | Living | Camere - Valle d&#039;Aosta<\/title>\n<meta name=\"robots\" content=\"index, follow, max-snippet:-1, max-image-preview:large, max-video-preview:-1\" \/>\n<link rel=\"canonical\" href=\"https:\/\/www.krearredo.it\/fr\/imab-group\/\" \/>\n<meta property=\"og:locale\" content=\"fr_FR\" \/>\n<meta property=\"og:type\" content=\"article\" \/>\n<meta property=\"og:title\" content=\"Imab Group KreArredo - Cucine | Living | Camere - Valle d&#039;Aosta\" \/>\n<meta property=\"og:description\" content=\"Imab Group Cucine | Living | Camere imabgroup. Produciamo arredamento per la casa e serviamo i canali della distribuzione organizzata, del retail e del contract. La nostra produzione di mobili componibili 100% Made in Italy, basata sul pannello squadrabordato in truciolare nobilitato, abbraccia gli ambienti notte, living e cucina. Un&#039;eccellenza dell&#039;arredamento100% Made in Italy La [&hellip;]\" \/>\n<meta property=\"og:url\" content=\"https:\/\/www.krearredo.it\/fr\/imab-group\/\" \/>\n<meta property=\"og:site_name\" content=\"Krearredo\" \/>\n<meta property=\"article:modified_time\" content=\"2021-03-31T07:56:06+00:00\" \/>\n<meta name=\"twitter:card\" content=\"summary_large_image\" \/>\n<meta name=\"twitter:label1\" content=\"Dur\u00e9e de lecture estim\u00e9e\" \/>\n\t<meta name=\"twitter:data1\" content=\"6 minutes\" \/>\n<script type=\"application\/ld+json\" class=\"yoast-schema-graph\">{\"@context\":\"https:\/\/schema.org\",\"@graph\":[{\"@type\":\"WebPage\",\"@id\":\"https:\/\/www.krearredo.it\/fr\/imab-group\/\",\"url\":\"https:\/\/www.krearredo.it\/fr\/imab-group\/\",\"name\":\"Imab Group KreArredo - Cucine | Living | Camere - Valle d'Aosta\",\"isPartOf\":{\"@id\":\"https:\/\/www.krearredo.it\/fr\/#website\"},\"datePublished\":\"2021-03-31T07:56:05+00:00\",\"dateModified\":\"2021-03-31T07:56:06+00:00\",\"breadcrumb\":{\"@id\":\"https:\/\/www.krearredo.it\/fr\/imab-group\/#breadcrumb\"},\"inLanguage\":\"fr-FR\",\"potentialAction\":[{\"@type\":\"ReadAction\",\"target\":[\"https:\/\/www.krearredo.it\/fr\/imab-group\/\"]}]},{\"@type\":\"BreadcrumbList\",\"@id\":\"https:\/\/www.krearredo.it\/fr\/imab-group\/#breadcrumb\",\"itemListElement\":[{\"@type\":\"ListItem\",\"position\":1,\"name\":\"Home\",\"item\":\"https:\/\/www.krearredo.it\/fr\/\"},{\"@type\":\"ListItem\",\"position\":2,\"name\":\"Imab Group\"}]},{\"@type\":\"WebSite\",\"@id\":\"https:\/\/www.krearredo.it\/fr\/#website\",\"url\":\"https:\/\/www.krearredo.it\/fr\/\",\"name\":\"Krearredo\",\"description\":\"Design in Valle d&#039;Aosta\",\"potentialAction\":[{\"@type\":\"SearchAction\",\"target\":{\"@type\":\"EntryPoint\",\"urlTemplate\":\"https:\/\/www.krearredo.it\/fr\/?s={search_term_string}\"},\"query-input\":{\"@type\":\"PropertyValueSpecification\",\"valueRequired\":true,\"valueName\":\"search_term_string\"}}],\"inLanguage\":\"fr-FR\"}]}<\/script>\n<!-- \/ Yoast SEO plugin. -->","yoast_head_json":{"title":"Imab Group KreArredo - Cucine | Living | Camere - Valle d'Aosta","robots":{"index":"index","follow":"follow","max-snippet":"max-snippet:-1","max-image-preview":"max-image-preview:large","max-video-preview":"max-video-preview:-1"},"canonical":"https:\/\/www.krearredo.it\/fr\/imab-group\/","og_locale":"fr_FR","og_type":"article","og_title":"Imab Group KreArredo - Cucine | Living | Camere - Valle d'Aosta","og_description":"Imab Group Cucine | Living | Camere imabgroup. Produciamo arredamento per la casa e serviamo i canali della distribuzione organizzata, del retail e del contract. La nostra produzione di mobili componibili 100% Made in Italy, basata sul pannello squadrabordato in truciolare nobilitato, abbraccia gli ambienti notte, living e cucina. Un'eccellenza dell'arredamento100% Made in Italy La [&hellip;]","og_url":"https:\/\/www.krearredo.it\/fr\/imab-group\/","og_site_name":"Krearredo","article_modified_time":"2021-03-31T07:56:06+00:00","twitter_card":"summary_large_image","twitter_misc":{"Dur\u00e9e de lecture estim\u00e9e":"6 minutes"},"schema":{"@context":"https:\/\/schema.org","@graph":[{"@type":"WebPage","@id":"https:\/\/www.krearredo.it\/fr\/imab-group\/","url":"https:\/\/www.krearredo.it\/fr\/imab-group\/","name":"Imab Group KreArredo - Cucine | Living | Camere - Valle d'Aosta","isPartOf":{"@id":"https:\/\/www.krearredo.it\/fr\/#website"},"datePublished":"2021-03-31T07:56:05+00:00","dateModified":"2021-03-31T07:56:06+00:00","breadcrumb":{"@id":"https:\/\/www.krearredo.it\/fr\/imab-group\/#breadcrumb"},"inLanguage":"fr-FR","potentialAction":[{"@type":"ReadAction","target":["https:\/\/www.krearredo.it\/fr\/imab-group\/"]}]},{"@type":"BreadcrumbList","@id":"https:\/\/www.krearredo.it\/fr\/imab-group\/#breadcrumb","itemListElement":[{"@type":"ListItem","position":1,"name":"Home","item":"https:\/\/www.krearredo.it\/fr\/"},{"@type":"ListItem","position":2,"name":"Imab Group"}]},{"@type":"WebSite","@id":"https:\/\/www.krearredo.it\/fr\/#website","url":"https:\/\/www.krearredo.it\/fr\/","name":"Krearredo","description":"Design in Valle d&#039;Aosta","potentialAction":[{"@type":"SearchAction","target":{"@type":"EntryPoint","urlTemplate":"https:\/\/www.krearredo.it\/fr\/?s={search_term_string}"},"query-input":{"@type":"PropertyValueSpecification","valueRequired":true,"valueName":"search_term_string"}}],"inLanguage":"fr-FR"}]}},"_links":{"self":[{"href":"https:\/\/www.krearredo.it\/fr\/wp-json\/wp\/v2\/pages\/1664","targetHints":{"allow":["GET"]}}],"collection":[{"href":"https:\/\/www.krearredo.it\/fr\/wp-json\/wp\/v2\/pages"}],"about":[{"href":"https:\/\/www.krearredo.it\/fr\/wp-json\/wp\/v2\/types\/page"}],"author":[{"embeddable":true,"href":"https:\/\/www.krearredo.it\/fr\/wp-json\/wp\/v2\/users\/1"}],"replies":[{"embeddable":true,"href":"https:\/\/www.krearredo.it\/fr\/wp-json\/wp\/v2\/comments?post=1664"}],"version-history":[{"count":2,"href":"https:\/\/www.krearredo.it\/fr\/wp-json\/wp\/v2\/pages\/1664\/revisions"}],"predecessor-version":[{"id":1666,"href":"https:\/\/www.krearredo.it\/fr\/wp-json\/wp\/v2\/pages\/1664\/revisions\/1666"}],"wp:attachment":[{"href":"https:\/\/www.krearredo.it\/fr\/wp-json\/wp\/v2\/media?parent=1664"}],"curies":[{"name":"wp","href":"https:\/\/api.w.org\/{rel}","templated":true}]}}