{"id":1687,"date":"2021-03-31T09:58:21","date_gmt":"2021-03-31T07:58:21","guid":{"rendered":"https:\/\/www.krearredo.it\/azienda\/"},"modified":"2021-03-31T09:58:22","modified_gmt":"2021-03-31T07:58:22","slug":"azienda","status":"publish","type":"page","link":"https:\/\/www.krearredo.it\/fr\/azienda\/","title":{"rendered":"Azienda"},"content":{"rendered":"<p>[et_pb_section fb_built=&#8221;1&#8243; custom_padding_last_edited=&#8221;on|phone&#8221; _builder_version=&#8221;4.4.3&#8243; use_background_color_gradient=&#8221;on&#8221; background_color_gradient_start=&#8221;rgba(34,34,34,0.85)&#8221; background_color_gradient_end=&#8221;rgba(0,0,0,0.15)&#8221; background_color_gradient_overlays_image=&#8221;on&#8221; background_image=&#8221;http:\/\/www.krearredo.it\/wp-content\/uploads\/2020\/04\/arredo3-krearredo-7.jpg&#8221; custom_padding=&#8221;150px||350px||false|false&#8221; custom_padding_tablet=&#8221;&#8221; custom_padding_phone=&#8221;100px||200px||false|false&#8221; background__hover_enabled=&#8221;on|hover&#8221; background_color_gradient_end__hover=&#8221;rgba(0,0,0,0.15)&#8221; use_background_color_gradient__hover=&#8221;on&#8221; background_color_gradient_start__hover=&#8221;rgba(34,34,34,0.85)&#8221;][et_pb_row _builder_version=&#8221;4.4.1&#8243; custom_margin=&#8221;0px||0px||false|false&#8221; custom_padding=&#8221;0px||0px||true|&#8221;][et_pb_column type=&#8221;4_4&#8243; _builder_version=&#8221;4.4.1&#8243;][et_pb_divider divider_weight=&#8221;50px&#8221; _builder_version=&#8221;4.4.3&#8243; width=&#8221;2px&#8221; max_width=&#8221;2px&#8221; module_alignment=&#8221;center&#8221; custom_margin=&#8221;||35px||false|false&#8221; animation_style=&#8221;slide&#8221; animation_direction=&#8221;top&#8221;][\/et_pb_divider][et_pb_text _builder_version=&#8221;4.4.1&#8243; header_font=&#8221;Montserrat||||||||&#8221; header_text_color=&#8221;#ffffff&#8221; header_line_height=&#8221;60px&#8221; custom_margin=&#8221;0px||0px||false|false&#8221;]<\/p>\n<h1 style=\"text-align: center;\">Azienda<\/h1>\n<p>[\/et_pb_text][et_pb_text _builder_version=&#8221;4.4.3&#8243; text_font=&#8221;||||||||&#8221; text_text_color=&#8221;#ffffff&#8221; text_font_size=&#8221;20px&#8221; header_font=&#8221;||||||||&#8221; header_text_color=&#8221;#ffffff&#8221; custom_margin=&#8221;||5px||false|false&#8221; animation_style=&#8221;slide&#8221; animation_direction=&#8221;left&#8221; hover_enabled=&#8221;0&#8243;]<\/p>\n<p style=\"text-align: center;\">L\u2019architettura \u00e8 un pretesto. Importante \u00e8 la vita, importante \u00e8 l\u2019uomo!<\/p>\n<p>[\/et_pb_text][et_pb_text _builder_version=&#8221;4.4.3&#8243; text_font=&#8221;||||||||&#8221; text_text_color=&#8221;#ffffff&#8221; text_font_size=&#8221;16px&#8221; header_font=&#8221;||||||||&#8221; header_text_color=&#8221;#ffffff&#8221; custom_margin=&#8221;||20px||false|false&#8221; animation_style=&#8221;slide&#8221; animation_direction=&#8221;left&#8221; hover_enabled=&#8221;0&#8243;]<\/p>\n<p style=\"text-align: center;\"><em>Oscar Niemeyer<\/em><\/p>\n<p>[\/et_pb_text][et_pb_divider divider_weight=&#8221;50px&#8221; _builder_version=&#8221;4.4.1&#8243; width=&#8221;2px&#8221; max_width=&#8221;2px&#8221; module_alignment=&#8221;center&#8221; animation_style=&#8221;slide&#8221; animation_direction=&#8221;bottom&#8221;][\/et_pb_divider][\/et_pb_column][\/et_pb_row][\/et_pb_section][et_pb_section fb_built=&#8221;1&#8243; custom_padding_last_edited=&#8221;on|phone&#8221; _builder_version=&#8221;4.4.3&#8243; background_color=&#8221;#222222&#8243; background_enable_image=&#8221;off&#8221; custom_padding=&#8221;160px||160px||true|&#8221; custom_padding_tablet=&#8221;100px||100px||true|false&#8221; custom_padding_phone=&#8221;&#8221; locked=&#8221;off&#8221;][et_pb_row use_custom_gutter=&#8221;on&#8221; gutter_width=&#8221;2&#8243; make_equal=&#8221;on&#8221; _builder_version=&#8221;4.4.3&#8243; width=&#8221;90%&#8221; custom_padding=&#8221;0px||0px||true|&#8221;][et_pb_column type=&#8221;4_4&#8243; _builder_version=&#8221;4.4.1&#8243;][et_pb_text _builder_version=&#8221;4.4.1&#8243; text_text_color=&#8221;#eeeeee&#8221; header_2_text_color=&#8221;#eeeeee&#8221; min_height=&#8221;26px&#8221; custom_margin=&#8221;||||false|false&#8221; animation_style=&#8221;slide&#8221; animation_direction=&#8221;top&#8221;]<\/p>\n<h2 style=\"text-align: center;\">azienda.<\/h2>\n<p>[\/et_pb_text][et_pb_text _builder_version=&#8221;4.4.3&#8243; text_text_color=&#8221;#eeeeee&#8221; header_2_text_color=&#8221;#666666&#8243; header_3_text_color=&#8221;#ffffff&#8221; max_width=&#8221;500px&#8221; module_alignment=&#8221;center&#8221; custom_margin=&#8221;||15px||false|false&#8221;]<\/p>\n<h3 style=\"text-align: center;\">LE PROPOSTE<br \/>DI KREARREDO<\/h3>\n<p>[\/et_pb_text][et_pb_divider show_divider=&#8221;off&#8221; _builder_version=&#8221;4.4.1&#8243;][\/et_pb_divider][\/et_pb_column][\/et_pb_row][et_pb_row column_structure=&#8221;1_2,1_2&#8243; use_custom_gutter=&#8221;on&#8221; gutter_width=&#8221;2&#8243; make_equal=&#8221;on&#8221; _builder_version=&#8221;4.4.3&#8243; width=&#8221;90%&#8221; custom_padding=&#8221;0px||0px||true|&#8221;][et_pb_column type=&#8221;1_2&#8243; _builder_version=&#8221;4.4.1&#8243;][et_pb_text _builder_version=&#8221;4.4.3&#8243; text_text_color=&#8221;#eeeeee&#8221; max_width=&#8221;250px&#8221; module_alignment=&#8221;right&#8221; custom_padding=&#8221;0px|||||&#8221;]<\/p>\n<p style=\"text-align: right;\">Le nostre proposte hanno una vasta gamma di colori finiture e materiali. Possiamo proporre soluzioni di design, oppure soluzioni coordinate allle finiture e ai colori disponibili e personalizzabili. Ti accogliamo nel nostro spazio espositivo esclusivo su appuntamento oppure puoi contattarci per e-mail sul nostro sito web o per telefono.<\/p>\n<p>[\/et_pb_text][\/et_pb_column][et_pb_column type=&#8221;1_2&#8243; _builder_version=&#8221;4.4.1&#8243;][et_pb_text _builder_version=&#8221;4.4.3&#8243; text_text_color=&#8221;#eeeeee&#8221; max_width=&#8221;250px&#8221; module_alignment=&#8221;left&#8221; custom_padding=&#8221;0px|||||&#8221;]<\/p>\n<p>Tutti saranno soddisfatti, perch\u00e8 i prodotti di KreArredo sono versatili e altamente personalizzabili, le nostre soluzioni modulari rispondono ad ogni esigenza di spazio, budget e gusto. I nostri prodotti sono interamente Made in Italy.<\/p>\n<p>[\/et_pb_text][\/et_pb_column][\/et_pb_row][\/et_pb_section][et_pb_section fb_built=&#8221;1&#8243; _builder_version=&#8221;4.4.3&#8243; custom_padding=&#8221;75px||75px||true|&#8221;][et_pb_row _builder_version=&#8221;4.4.3&#8243; custom_padding=&#8221;0px||0px||true|&#8221;][et_pb_column type=&#8221;4_4&#8243; _builder_version=&#8221;4.4.3&#8243;][et_pb_text _builder_version=&#8221;4.4.3&#8243; text_text_color=&#8221;#eeeeee&#8221; header_2_text_color=&#8221;#666666&#8243; max_width=&#8221;500px&#8221; module_alignment=&#8221;center&#8221; custom_margin=&#8221;||15px||false|false&#8221;]<\/p>\n<h3 style=\"text-align: center;\">CUCINE, ARMADI, LETTI ..<\/h3>\n<p>[\/et_pb_text][et_pb_text _builder_version=&#8221;4.4.3&#8243; max_width=&#8221;800px&#8221; module_alignment=&#8221;center&#8221; custom_padding=&#8221;0px|||||&#8221;]<\/p>\n<p style=\"text-align: center;\">Cucine, armadi, letti, camerette, pareti attrezzate, pensili, elementi a giorno, basi, librerie, madie, mensole, tavoli, tavolini, sedie e complementi, tutti elementi che possono essere componibili e personalizzati nel modo pi\u00f9 adatto a te e al tuo ambiente. Lasciati ispirare per creare la casa dei tuoi sogni con la nostra professionalit\u00e0 i nostri prodotti e le nostre offerte.<\/p>\n<p>[\/et_pb_text][\/et_pb_column][\/et_pb_row][\/et_pb_section][et_pb_section fb_built=&#8221;1&#8243; custom_padding_last_edited=&#8221;on|tablet&#8221; _builder_version=&#8221;4.4.3&#8243; background_image=&#8221;http:\/\/www.krearredo.it\/wp-content\/uploads\/2020\/04\/pensare-casa-krearredo-2.jpg&#8221; parallax=&#8221;on&#8221; custom_padding=&#8221;300px||300px||true|false&#8221; custom_padding_tablet=&#8221;200px||200px||true|false&#8221; custom_padding_phone=&#8221;&#8221; locked=&#8221;off&#8221;][et_pb_row _builder_version=&#8221;4.4.1&#8243;][et_pb_column type=&#8221;4_4&#8243; _builder_version=&#8221;4.4.1&#8243;][et_pb_divider show_divider=&#8221;off&#8221; _builder_version=&#8221;4.4.1&#8243;][\/et_pb_divider][\/et_pb_column][\/et_pb_row][\/et_pb_section]<\/p>\n","protected":false},"excerpt":{"rendered":"<p>Azienda L\u2019architettura \u00e8 un pretesto. Importante \u00e8 la vita, importante \u00e8 l\u2019uomo! Oscar Niemeyer azienda. LE PROPOSTEDI KREARREDO Le nostre proposte hanno una vasta gamma di colori finiture e materiali. Possiamo proporre soluzioni di design, oppure soluzioni coordinate allle finiture e ai colori disponibili e personalizzabili. Ti accogliamo nel nostro spazio espositivo esclusivo su appuntamento [&hellip;]<\/p>\n","protected":false},"author":1,"featured_media":0,"parent":0,"menu_order":0,"comment_status":"closed","ping_status":"closed","template":"","meta":{"_et_pb_use_builder":"on","_et_pb_old_content":"","_et_gb_content_width":"","footnotes":""},"class_list":["post-1687","page","type-page","status-publish","hentry"],"yoast_head":"<!-- This site is optimized with the Yoast SEO plugin v26.0 - https:\/\/yoast.com\/wordpress\/plugins\/seo\/ -->\n<title>Azienda - Krearredo<\/title>\n<meta name=\"robots\" content=\"index, follow, max-snippet:-1, max-image-preview:large, max-video-preview:-1\" \/>\n<link rel=\"canonical\" href=\"https:\/\/www.krearredo.it\/fr\/azienda\/\" \/>\n<meta property=\"og:locale\" content=\"fr_FR\" \/>\n<meta property=\"og:type\" content=\"article\" \/>\n<meta property=\"og:title\" content=\"Azienda - Krearredo\" \/>\n<meta property=\"og:description\" content=\"Azienda L\u2019architettura \u00e8 un pretesto. Importante \u00e8 la vita, importante \u00e8 l\u2019uomo! Oscar Niemeyer azienda. LE PROPOSTEDI KREARREDO Le nostre proposte hanno una vasta gamma di colori finiture e materiali. Possiamo proporre soluzioni di design, oppure soluzioni coordinate allle finiture e ai colori disponibili e personalizzabili. Ti accogliamo nel nostro spazio espositivo esclusivo su appuntamento [&hellip;]\" \/>\n<meta property=\"og:url\" content=\"https:\/\/www.krearredo.it\/fr\/azienda\/\" \/>\n<meta property=\"og:site_name\" content=\"Krearredo\" \/>\n<meta property=\"article:modified_time\" content=\"2021-03-31T07:58:22+00:00\" \/>\n<meta name=\"twitter:card\" content=\"summary_large_image\" \/>\n<meta name=\"twitter:label1\" content=\"Dur\u00e9e de lecture estim\u00e9e\" \/>\n\t<meta name=\"twitter:data1\" content=\"4 minutes\" \/>\n<script type=\"application\/ld+json\" class=\"yoast-schema-graph\">{\"@context\":\"https:\/\/schema.org\",\"@graph\":[{\"@type\":\"WebPage\",\"@id\":\"https:\/\/www.krearredo.it\/fr\/azienda\/\",\"url\":\"https:\/\/www.krearredo.it\/fr\/azienda\/\",\"name\":\"Azienda - Krearredo\",\"isPartOf\":{\"@id\":\"https:\/\/www.krearredo.it\/fr\/#website\"},\"datePublished\":\"2021-03-31T07:58:21+00:00\",\"dateModified\":\"2021-03-31T07:58:22+00:00\",\"breadcrumb\":{\"@id\":\"https:\/\/www.krearredo.it\/fr\/azienda\/#breadcrumb\"},\"inLanguage\":\"fr-FR\",\"potentialAction\":[{\"@type\":\"ReadAction\",\"target\":[\"https:\/\/www.krearredo.it\/fr\/azienda\/\"]}]},{\"@type\":\"BreadcrumbList\",\"@id\":\"https:\/\/www.krearredo.it\/fr\/azienda\/#breadcrumb\",\"itemListElement\":[{\"@type\":\"ListItem\",\"position\":1,\"name\":\"Home\",\"item\":\"https:\/\/www.krearredo.it\/fr\/\"},{\"@type\":\"ListItem\",\"position\":2,\"name\":\"Azienda\"}]},{\"@type\":\"WebSite\",\"@id\":\"https:\/\/www.krearredo.it\/fr\/#website\",\"url\":\"https:\/\/www.krearredo.it\/fr\/\",\"name\":\"Krearredo\",\"description\":\"Design in Valle d&#039;Aosta\",\"potentialAction\":[{\"@type\":\"SearchAction\",\"target\":{\"@type\":\"EntryPoint\",\"urlTemplate\":\"https:\/\/www.krearredo.it\/fr\/?s={search_term_string}\"},\"query-input\":{\"@type\":\"PropertyValueSpecification\",\"valueRequired\":true,\"valueName\":\"search_term_string\"}}],\"inLanguage\":\"fr-FR\"}]}<\/script>\n<!-- \/ Yoast SEO plugin. -->","yoast_head_json":{"title":"Azienda - Krearredo","robots":{"index":"index","follow":"follow","max-snippet":"max-snippet:-1","max-image-preview":"max-image-preview:large","max-video-preview":"max-video-preview:-1"},"canonical":"https:\/\/www.krearredo.it\/fr\/azienda\/","og_locale":"fr_FR","og_type":"article","og_title":"Azienda - Krearredo","og_description":"Azienda L\u2019architettura \u00e8 un pretesto. Importante \u00e8 la vita, importante \u00e8 l\u2019uomo! Oscar Niemeyer azienda. LE PROPOSTEDI KREARREDO Le nostre proposte hanno una vasta gamma di colori finiture e materiali. Possiamo proporre soluzioni di design, oppure soluzioni coordinate allle finiture e ai colori disponibili e personalizzabili. Ti accogliamo nel nostro spazio espositivo esclusivo su appuntamento [&hellip;]","og_url":"https:\/\/www.krearredo.it\/fr\/azienda\/","og_site_name":"Krearredo","article_modified_time":"2021-03-31T07:58:22+00:00","twitter_card":"summary_large_image","twitter_misc":{"Dur\u00e9e de lecture estim\u00e9e":"4 minutes"},"schema":{"@context":"https:\/\/schema.org","@graph":[{"@type":"WebPage","@id":"https:\/\/www.krearredo.it\/fr\/azienda\/","url":"https:\/\/www.krearredo.it\/fr\/azienda\/","name":"Azienda - Krearredo","isPartOf":{"@id":"https:\/\/www.krearredo.it\/fr\/#website"},"datePublished":"2021-03-31T07:58:21+00:00","dateModified":"2021-03-31T07:58:22+00:00","breadcrumb":{"@id":"https:\/\/www.krearredo.it\/fr\/azienda\/#breadcrumb"},"inLanguage":"fr-FR","potentialAction":[{"@type":"ReadAction","target":["https:\/\/www.krearredo.it\/fr\/azienda\/"]}]},{"@type":"BreadcrumbList","@id":"https:\/\/www.krearredo.it\/fr\/azienda\/#breadcrumb","itemListElement":[{"@type":"ListItem","position":1,"name":"Home","item":"https:\/\/www.krearredo.it\/fr\/"},{"@type":"ListItem","position":2,"name":"Azienda"}]},{"@type":"WebSite","@id":"https:\/\/www.krearredo.it\/fr\/#website","url":"https:\/\/www.krearredo.it\/fr\/","name":"Krearredo","description":"Design in Valle d&#039;Aosta","potentialAction":[{"@type":"SearchAction","target":{"@type":"EntryPoint","urlTemplate":"https:\/\/www.krearredo.it\/fr\/?s={search_term_string}"},"query-input":{"@type":"PropertyValueSpecification","valueRequired":true,"valueName":"search_term_string"}}],"inLanguage":"fr-FR"}]}},"_links":{"self":[{"href":"https:\/\/www.krearredo.it\/fr\/wp-json\/wp\/v2\/pages\/1687","targetHints":{"allow":["GET"]}}],"collection":[{"href":"https:\/\/www.krearredo.it\/fr\/wp-json\/wp\/v2\/pages"}],"about":[{"href":"https:\/\/www.krearredo.it\/fr\/wp-json\/wp\/v2\/types\/page"}],"author":[{"embeddable":true,"href":"https:\/\/www.krearredo.it\/fr\/wp-json\/wp\/v2\/users\/1"}],"replies":[{"embeddable":true,"href":"https:\/\/www.krearredo.it\/fr\/wp-json\/wp\/v2\/comments?post=1687"}],"version-history":[{"count":1,"href":"https:\/\/www.krearredo.it\/fr\/wp-json\/wp\/v2\/pages\/1687\/revisions"}],"predecessor-version":[{"id":1688,"href":"https:\/\/www.krearredo.it\/fr\/wp-json\/wp\/v2\/pages\/1687\/revisions\/1688"}],"wp:attachment":[{"href":"https:\/\/www.krearredo.it\/fr\/wp-json\/wp\/v2\/media?parent=1687"}],"curies":[{"name":"wp","href":"https:\/\/api.w.org\/{rel}","templated":true}]}}