{"id":2056,"date":"2025-06-18T16:44:39","date_gmt":"2025-06-18T14:44:39","guid":{"rendered":"https:\/\/www.krearredo.it\/?page_id=2056"},"modified":"2025-06-19T17:02:32","modified_gmt":"2025-06-19T15:02:32","slug":"cucinesse","status":"publish","type":"page","link":"https:\/\/www.krearredo.it\/fr\/cucinesse\/","title":{"rendered":"Cucinesse"},"content":{"rendered":"<p>[et_pb_section fb_built=&#8221;1&#8243; custom_padding_last_edited=&#8221;on|phone&#8221; _builder_version=&#8221;4.26.0&#8243; use_background_color_gradient=&#8221;on&#8221; background_color_gradient_stops=&#8221;rgba(34,34,34,0.85) 0%|rgba(0,0,0,0.15) 100%&#8221; background_color_gradient_overlays_image=&#8221;on&#8221; background_color_gradient_start=&#8221;rgba(34,34,34,0.85)&#8221; background_color_gradient_end=&#8221;rgba(0,0,0,0.15)&#8221; background_image=&#8221;https:\/\/www.krearredo.it\/wp-content\/uploads\/2025\/06\/cucinesse-01.jpg&#8221; custom_padding=&#8221;150px||350px||false|false&#8221; custom_padding_tablet=&#8221;&#8221; custom_padding_phone=&#8221;100px||200px||false|false&#8221; global_colors_info=&#8221;{}&#8221; background__hover_enabled=&#8221;on|hover&#8221; background_color_gradient_end__hover=&#8221;rgba(0,0,0,0.15)&#8221; use_background_color_gradient__hover=&#8221;on&#8221; background_color_gradient_start__hover=&#8221;rgba(34,34,34,0.85)&#8221; background_color_gradient_stops__hover=&#8221;rgba(34,34,34,0.85) 0%|rgba(0,0,0,0.15) 100%&#8221;][et_pb_row _builder_version=&#8221;4.16&#8243; custom_margin=&#8221;0px||0px||false|false&#8221; custom_padding=&#8221;0px||0px||true|&#8221; global_colors_info=&#8221;{}&#8221;][et_pb_column type=&#8221;4_4&#8243; _builder_version=&#8221;4.16&#8243; global_colors_info=&#8221;{}&#8221;][et_pb_divider divider_weight=&#8221;50px&#8221; _builder_version=&#8221;4.16&#8243; width=&#8221;2px&#8221; max_width=&#8221;2px&#8221; module_alignment=&#8221;center&#8221; animation_style=&#8221;slide&#8221; animation_direction=&#8221;top&#8221; locked=&#8221;on&#8221; global_colors_info=&#8221;{}&#8221;][\/et_pb_divider][et_pb_text admin_label=&#8221;Imab Group&#8221; _builder_version=&#8221;4.26.0&#8243; header_font=&#8221;Montserrat||||||||&#8221; header_text_color=&#8221;#ffffff&#8221; header_line_height=&#8221;60px&#8221; custom_margin=&#8221;0px||0px||false|false&#8221; global_colors_info=&#8221;{}&#8221;]<\/p>\n<h1 style=\"text-align: center;\">Cucinesse<\/h1>\n<p>[\/et_pb_text][et_pb_text _builder_version=&#8221;4.16&#8243; text_font=&#8221;||||||||&#8221; text_text_color=&#8221;#ffffff&#8221; text_font_size=&#8221;20px&#8221; header_font=&#8221;||||||||&#8221; header_text_color=&#8221;#ffffff&#8221; custom_margin=&#8221;||20px||false|false&#8221; animation_style=&#8221;slide&#8221; animation_direction=&#8221;left&#8221; global_colors_info=&#8221;{}&#8221;]<\/p>\n<p style=\"text-align: center;\">Cucine<\/p>\n<p>[\/et_pb_text][et_pb_divider divider_weight=&#8221;50px&#8221; _builder_version=&#8221;4.16&#8243; width=&#8221;2px&#8221; max_width=&#8221;2px&#8221; module_alignment=&#8221;center&#8221; animation_style=&#8221;slide&#8221; animation_direction=&#8221;bottom&#8221; locked=&#8221;on&#8221; global_colors_info=&#8221;{}&#8221;][\/et_pb_divider][\/et_pb_column][\/et_pb_row][\/et_pb_section][et_pb_section fb_built=&#8221;1&#8243; custom_padding_last_edited=&#8221;on|phone&#8221; _builder_version=&#8221;4.16&#8243; background_color=&#8221;#222222&#8243; background_enable_image=&#8221;off&#8221; custom_padding=&#8221;160px||160px||true|&#8221; custom_padding_tablet=&#8221;100px||100px||true|false&#8221; custom_padding_phone=&#8221;&#8221; global_colors_info=&#8221;{}&#8221;][et_pb_row column_structure=&#8221;1_4,1_4,1_2&#8243; use_custom_gutter=&#8221;on&#8221; gutter_width=&#8221;2&#8243; make_equal=&#8221;on&#8221; _builder_version=&#8221;4.26.0&#8243; width=&#8221;90%&#8221; max_width=&#8221;2560px&#8221; custom_padding=&#8221;0px||0px||true|&#8221; hover_enabled=&#8221;0&#8243; global_colors_info=&#8221;{}&#8221; sticky_enabled=&#8221;0&#8243;][et_pb_column type=&#8221;1_4&#8243; _builder_version=&#8221;4.16&#8243; global_colors_info=&#8221;{}&#8221;][et_pb_text admin_label=&#8221;Imab Group&#8221; _builder_version=&#8221;4.26.0&#8243; text_text_color=&#8221;#eeeeee&#8221; header_2_text_color=&#8221;#eeeeee&#8221; min_height=&#8221;26px&#8221; custom_margin=&#8221;||||false|false&#8221; animation_style=&#8221;slide&#8221; animation_direction=&#8221;top&#8221; global_colors_info=&#8221;{}&#8221;]<\/p>\n<h2 style=\"text-align: right;\">cucinesse.<\/h2>\n<p>[\/et_pb_text][et_pb_text _builder_version=&#8221;4.26.0&#8243; text_text_color=&#8221;#eeeeee&#8221; max_width=&#8221;250px&#8221; module_alignment=&#8221;right&#8221; custom_padding=&#8221;0px|||||&#8221; global_colors_info=&#8221;{}&#8221;]<\/p>\n<p style=\"text-align: right;\">Cucinesse propose des solutions infinies pour rendre votre cuisine et votre espace de vie uniques. Chaque projet peut \u00eatre personnalis\u00e9 dans tous ses \u00e9l\u00e9ments, couleurs, formes et assortiments. Le tout selon vos besoins et votre go\u00fbt.<\/p>\n<p>[\/et_pb_text][\/et_pb_column][et_pb_column type=&#8221;1_4&#8243; _builder_version=&#8221;4.26.0&#8243; background_image=&#8221;https:\/\/www.krearredo.it\/wp-content\/uploads\/2025\/06\/cucinesse-stile-glamour-1.jpg&#8221; custom_padding=&#8221;200px||200px||true|false&#8221; custom_padding_tablet=&#8221;120px||120px||true|false&#8221; custom_padding_phone=&#8221;&#8221; custom_padding_last_edited=&#8221;on|phone&#8221; hover_enabled=&#8221;0&#8243; global_colors_info=&#8221;{}&#8221; title_text=&#8221;cucinesse-stile-glamour-1&#8243; sticky_enabled=&#8221;0&#8243;][et_pb_divider show_divider=&#8221;off&#8221; _builder_version=&#8221;4.16&#8243; locked=&#8221;on&#8221; global_colors_info=&#8221;{}&#8221;][\/et_pb_divider][\/et_pb_column][et_pb_column type=&#8221;1_2&#8243; _builder_version=&#8221;4.16&#8243; global_colors_info=&#8221;{}&#8221;][et_pb_text _builder_version=&#8221;4.26.0&#8243; text_text_color=&#8221;#eeeeee&#8221; header_2_text_color=&#8221;#666666&#8243; header_3_text_color=&#8221;#ffffff&#8221; max_width=&#8221;500px&#8221; custom_margin=&#8221;||15px||false|false&#8221; locked=&#8221;off&#8221; global_colors_info=&#8221;{}&#8221;]<\/p>\n<h3 style=\"text-align: left;\">Rendez vos espaces de vie uniques et durables<\/h3>\n<p>[\/et_pb_text][et_pb_text _builder_version=&#8221;4.26.0&#8243; text_text_color=&#8221;#eeeeee&#8221; max_width=&#8221;500px&#8221; module_alignment=&#8221;left&#8221; custom_padding=&#8221;0px|||||&#8221; global_colors_info=&#8221;{}&#8221;]<\/p>\n<p>Pour allier esth\u00e9tique et durabilit\u00e9, toutes les laques Cucinesse sont r\u00e9alis\u00e9es exclusivement avec des peintures \u00e0 l\u2019eau\u00a0: un choix qui r\u00e9duit de 95% les \u00e9missions de substances nocives par rapport aux peintures traditionnelles au solvant, dans le respect total de l\u2019environnement.<\/p>\n<p>[\/et_pb_text][et_pb_button button_url=&#8221;https:\/\/www.cucinesse.it&#8221; url_new_window=&#8221;on&#8221; button_text=&#8221;visita il sito&#8221; button_alignment=&#8221;left&#8221; _builder_version=&#8221;4.26.0&#8243; custom_button=&#8221;on&#8221; button_bg_color=&#8221;rgba(0,0,0,0)&#8221; button_border_color=&#8221;#aaaaaa&#8221; button_border_radius=&#8221;1px&#8221; button_use_icon=&#8221;off&#8221; custom_margin=&#8221;35px||||false|false&#8221; locked=&#8221;off&#8221; global_colors_info=&#8221;{}&#8221;][\/et_pb_button][et_pb_divider show_divider=&#8221;off&#8221; _builder_version=&#8221;4.16&#8243; locked=&#8221;on&#8221; global_colors_info=&#8221;{}&#8221;][\/et_pb_divider][\/et_pb_column][\/et_pb_row][\/et_pb_section][et_pb_section fb_built=&#8221;1&#8243; custom_padding_last_edited=&#8221;on|tablet&#8221; module_id=&#8221;gallery&#8221; _builder_version=&#8221;4.16&#8243; custom_padding=&#8221;120px||120px||true|&#8221; custom_padding_tablet=&#8221;100px||100px||true|false&#8221; custom_padding_phone=&#8221;&#8221; global_colors_info=&#8221;{}&#8221;][et_pb_row _builder_version=&#8221;4.16&#8243; custom_padding=&#8221;0px||50px|||&#8221; global_colors_info=&#8221;{}&#8221;][et_pb_column type=&#8221;4_4&#8243; _builder_version=&#8221;4.16&#8243; global_colors_info=&#8221;{}&#8221;][et_pb_divider divider_weight=&#8221;50px&#8221; _builder_version=&#8221;4.16&#8243; width=&#8221;2px&#8221; max_width=&#8221;2px&#8221; module_alignment=&#8221;center&#8221; animation_style=&#8221;slide&#8221; animation_direction=&#8221;top&#8221; locked=&#8221;on&#8221; global_colors_info=&#8221;{}&#8221;][\/et_pb_divider][et_pb_text _builder_version=&#8221;4.16&#8243; text_text_color=&#8221;#eeeeee&#8221; min_height=&#8221;26px&#8221; custom_margin=&#8221;10px||10px||false|false&#8221; animation_style=&#8221;slide&#8221; animation_direction=&#8221;top&#8221; global_colors_info=&#8221;{}&#8221;]<\/p>\n<h2 style=\"text-align: center;\">gallery.<\/h2>\n<p>[\/et_pb_text][\/et_pb_column][\/et_pb_row][et_pb_row column_structure=&#8221;1_3,1_3,1_3&#8243; use_custom_gutter=&#8221;on&#8221; gutter_width=&#8221;2&#8243; make_equal=&#8221;on&#8221; _builder_version=&#8221;4.16&#8243; width=&#8221;90%&#8221; max_width=&#8221;2560px&#8221; custom_padding=&#8221;0px||0px||true|&#8221; global_colors_info=&#8221;{}&#8221;][et_pb_column type=&#8221;1_3&#8243; _builder_version=&#8221;4.16&#8243; global_colors_info=&#8221;{}&#8221;][et_pb_image src=&#8221;https:\/\/www.krearredo.it\/wp-content\/uploads\/2025\/06\/cucinesse-03.jpg&#8221; alt=&#8221;Ar-Tre &#8211; KreArredo&#8221; title_text=&#8221;cucinesse-03&#8243; show_in_lightbox=&#8221;on&#8221; align=&#8221;center&#8221; _builder_version=&#8221;4.26.0&#8243; global_colors_info=&#8221;{}&#8221;][\/et_pb_image][\/et_pb_column][et_pb_column type=&#8221;1_3&#8243; _builder_version=&#8221;4.16&#8243; global_colors_info=&#8221;{}&#8221;][et_pb_image src=&#8221;https:\/\/www.krearredo.it\/wp-content\/uploads\/2025\/06\/cucinesse-04.jpg&#8221; alt=&#8221;Ar-Tre &#8211; KreArredo&#8221; title_text=&#8221;cucinesse-04&#8243; show_in_lightbox=&#8221;on&#8221; align=&#8221;center&#8221; _builder_version=&#8221;4.26.0&#8243; global_colors_info=&#8221;{}&#8221;][\/et_pb_image][\/et_pb_column][et_pb_column type=&#8221;1_3&#8243; _builder_version=&#8221;4.16&#8243; global_colors_info=&#8221;{}&#8221;][et_pb_image src=&#8221;https:\/\/www.krearredo.it\/wp-content\/uploads\/2025\/06\/cucinesse.jpg&#8221; alt=&#8221;Ar-Tre &#8211; KreArredo&#8221; title_text=&#8221;cucinesse&#8221; show_in_lightbox=&#8221;on&#8221; align=&#8221;center&#8221; _builder_version=&#8221;4.26.0&#8243; global_colors_info=&#8221;{}&#8221;][\/et_pb_image][\/et_pb_column][\/et_pb_row][\/et_pb_section]<\/p>\n","protected":false},"excerpt":{"rendered":"<p>Cucinesse Cucine cucinesse. Cucinesse propose des solutions infinies pour rendre votre cuisine et votre espace de vie uniques. Chaque projet peut \u00eatre personnalis\u00e9 dans tous ses \u00e9l\u00e9ments, couleurs, formes et assortiments. Le tout selon vos besoins et votre go\u00fbt. Rendez vos espaces de vie uniques et durables Pour allier esth\u00e9tique et durabilit\u00e9, toutes les laques [&hellip;]<\/p>\n","protected":false},"author":1,"featured_media":0,"parent":0,"menu_order":0,"comment_status":"closed","ping_status":"closed","template":"","meta":{"_et_pb_use_builder":"on","_et_pb_old_content":"","_et_gb_content_width":"","footnotes":""},"class_list":["post-2056","page","type-page","status-publish","hentry"],"yoast_head":"<!-- This site is optimized with the Yoast SEO plugin v26.0 - https:\/\/yoast.com\/wordpress\/plugins\/seo\/ -->\n<title>Ar-Tre KreArredo - Cucine moderne e non solo - Valle d&#039;Aosta<\/title>\n<meta name=\"robots\" content=\"index, follow, max-snippet:-1, max-image-preview:large, max-video-preview:-1\" \/>\n<link rel=\"canonical\" href=\"https:\/\/www.krearredo.it\/fr\/cucinesse\/\" \/>\n<meta property=\"og:locale\" content=\"fr_FR\" \/>\n<meta property=\"og:type\" content=\"article\" \/>\n<meta property=\"og:title\" content=\"Ar-Tre KreArredo - Cucine moderne e non solo - Valle d&#039;Aosta\" \/>\n<meta property=\"og:description\" content=\"Cucinesse Cucine cucinesse. Cucinesse propose des solutions infinies pour rendre votre cuisine et votre espace de vie uniques. Chaque projet peut \u00eatre personnalis\u00e9 dans tous ses \u00e9l\u00e9ments, couleurs, formes et assortiments. Le tout selon vos besoins et votre go\u00fbt. Rendez vos espaces de vie uniques et durables Pour allier esth\u00e9tique et durabilit\u00e9, toutes les laques [&hellip;]\" \/>\n<meta property=\"og:url\" content=\"https:\/\/www.krearredo.it\/fr\/cucinesse\/\" \/>\n<meta property=\"og:site_name\" content=\"Krearredo\" \/>\n<meta property=\"article:modified_time\" content=\"2025-06-19T15:02:32+00:00\" \/>\n<meta name=\"twitter:card\" content=\"summary_large_image\" \/>\n<meta name=\"twitter:label1\" content=\"Dur\u00e9e de lecture estim\u00e9e\" \/>\n\t<meta name=\"twitter:data1\" content=\"3 minutes\" \/>\n<script type=\"application\/ld+json\" class=\"yoast-schema-graph\">{\"@context\":\"https:\/\/schema.org\",\"@graph\":[{\"@type\":\"WebPage\",\"@id\":\"https:\/\/www.krearredo.it\/fr\/cucinesse\/\",\"url\":\"https:\/\/www.krearredo.it\/fr\/cucinesse\/\",\"name\":\"Ar-Tre KreArredo - Cucine moderne e non solo - Valle d'Aosta\",\"isPartOf\":{\"@id\":\"https:\/\/www.krearredo.it\/fr\/#website\"},\"datePublished\":\"2025-06-18T14:44:39+00:00\",\"dateModified\":\"2025-06-19T15:02:32+00:00\",\"breadcrumb\":{\"@id\":\"https:\/\/www.krearredo.it\/fr\/cucinesse\/#breadcrumb\"},\"inLanguage\":\"fr-FR\",\"potentialAction\":[{\"@type\":\"ReadAction\",\"target\":[\"https:\/\/www.krearredo.it\/fr\/cucinesse\/\"]}]},{\"@type\":\"BreadcrumbList\",\"@id\":\"https:\/\/www.krearredo.it\/fr\/cucinesse\/#breadcrumb\",\"itemListElement\":[{\"@type\":\"ListItem\",\"position\":1,\"name\":\"Home\",\"item\":\"https:\/\/www.krearredo.it\/fr\/\"},{\"@type\":\"ListItem\",\"position\":2,\"name\":\"Cucinesse\"}]},{\"@type\":\"WebSite\",\"@id\":\"https:\/\/www.krearredo.it\/fr\/#website\",\"url\":\"https:\/\/www.krearredo.it\/fr\/\",\"name\":\"Krearredo\",\"description\":\"Design in Valle d&#039;Aosta\",\"potentialAction\":[{\"@type\":\"SearchAction\",\"target\":{\"@type\":\"EntryPoint\",\"urlTemplate\":\"https:\/\/www.krearredo.it\/fr\/?s={search_term_string}\"},\"query-input\":{\"@type\":\"PropertyValueSpecification\",\"valueRequired\":true,\"valueName\":\"search_term_string\"}}],\"inLanguage\":\"fr-FR\"}]}<\/script>\n<!-- \/ Yoast SEO plugin. -->","yoast_head_json":{"title":"Ar-Tre KreArredo - Cucine moderne e non solo - Valle d'Aosta","robots":{"index":"index","follow":"follow","max-snippet":"max-snippet:-1","max-image-preview":"max-image-preview:large","max-video-preview":"max-video-preview:-1"},"canonical":"https:\/\/www.krearredo.it\/fr\/cucinesse\/","og_locale":"fr_FR","og_type":"article","og_title":"Ar-Tre KreArredo - Cucine moderne e non solo - Valle d'Aosta","og_description":"Cucinesse Cucine cucinesse. Cucinesse propose des solutions infinies pour rendre votre cuisine et votre espace de vie uniques. Chaque projet peut \u00eatre personnalis\u00e9 dans tous ses \u00e9l\u00e9ments, couleurs, formes et assortiments. Le tout selon vos besoins et votre go\u00fbt. Rendez vos espaces de vie uniques et durables Pour allier esth\u00e9tique et durabilit\u00e9, toutes les laques [&hellip;]","og_url":"https:\/\/www.krearredo.it\/fr\/cucinesse\/","og_site_name":"Krearredo","article_modified_time":"2025-06-19T15:02:32+00:00","twitter_card":"summary_large_image","twitter_misc":{"Dur\u00e9e de lecture estim\u00e9e":"3 minutes"},"schema":{"@context":"https:\/\/schema.org","@graph":[{"@type":"WebPage","@id":"https:\/\/www.krearredo.it\/fr\/cucinesse\/","url":"https:\/\/www.krearredo.it\/fr\/cucinesse\/","name":"Ar-Tre KreArredo - Cucine moderne e non solo - Valle d'Aosta","isPartOf":{"@id":"https:\/\/www.krearredo.it\/fr\/#website"},"datePublished":"2025-06-18T14:44:39+00:00","dateModified":"2025-06-19T15:02:32+00:00","breadcrumb":{"@id":"https:\/\/www.krearredo.it\/fr\/cucinesse\/#breadcrumb"},"inLanguage":"fr-FR","potentialAction":[{"@type":"ReadAction","target":["https:\/\/www.krearredo.it\/fr\/cucinesse\/"]}]},{"@type":"BreadcrumbList","@id":"https:\/\/www.krearredo.it\/fr\/cucinesse\/#breadcrumb","itemListElement":[{"@type":"ListItem","position":1,"name":"Home","item":"https:\/\/www.krearredo.it\/fr\/"},{"@type":"ListItem","position":2,"name":"Cucinesse"}]},{"@type":"WebSite","@id":"https:\/\/www.krearredo.it\/fr\/#website","url":"https:\/\/www.krearredo.it\/fr\/","name":"Krearredo","description":"Design in Valle d&#039;Aosta","potentialAction":[{"@type":"SearchAction","target":{"@type":"EntryPoint","urlTemplate":"https:\/\/www.krearredo.it\/fr\/?s={search_term_string}"},"query-input":{"@type":"PropertyValueSpecification","valueRequired":true,"valueName":"search_term_string"}}],"inLanguage":"fr-FR"}]}},"_links":{"self":[{"href":"https:\/\/www.krearredo.it\/fr\/wp-json\/wp\/v2\/pages\/2056","targetHints":{"allow":["GET"]}}],"collection":[{"href":"https:\/\/www.krearredo.it\/fr\/wp-json\/wp\/v2\/pages"}],"about":[{"href":"https:\/\/www.krearredo.it\/fr\/wp-json\/wp\/v2\/types\/page"}],"author":[{"embeddable":true,"href":"https:\/\/www.krearredo.it\/fr\/wp-json\/wp\/v2\/users\/1"}],"replies":[{"embeddable":true,"href":"https:\/\/www.krearredo.it\/fr\/wp-json\/wp\/v2\/comments?post=2056"}],"version-history":[{"count":8,"href":"https:\/\/www.krearredo.it\/fr\/wp-json\/wp\/v2\/pages\/2056\/revisions"}],"predecessor-version":[{"id":2085,"href":"https:\/\/www.krearredo.it\/fr\/wp-json\/wp\/v2\/pages\/2056\/revisions\/2085"}],"wp:attachment":[{"href":"https:\/\/www.krearredo.it\/fr\/wp-json\/wp\/v2\/media?parent=2056"}],"curies":[{"name":"wp","href":"https:\/\/api.w.org\/{rel}","templated":true}]}}